{"id":428,"date":"2022-10-01T16:46:34","date_gmt":"2022-10-01T16:46:34","guid":{"rendered":"http:\/\/smartcts.net\/?page_id=428"},"modified":"2022-10-24T18:55:33","modified_gmt":"2022-10-24T18:55:33","slug":"rastreo-de-sospechosos","status":"publish","type":"page","link":"https:\/\/smartcts.net\/es\/rastreo-de-sospechosos\/","title":{"rendered":"Seguimiento de sospechosos"},"content":{"rendered":"<p>[et_pb_section fb_built=\u201d1\u201d _builder_version=\u201d4.17.6\u201d _module_preset=\u201ddefault\u201d custom_padding=\u201d0px|||||\u201d global_colors_info=\u201d{}\u201d][et_pb_row _builder_version=\u201d4.18.0\u201d _module_preset=\u201ddefault\u201d background_color=\u201d#192546\u201d background_image=\u201dhttp:\/\/smartcts.net\/wp-content\/uploads\/2022\/10\/suspect-crowd.jpg\u201d background_blend=\u201doverlay\u201d width=\u201d100%\u201d max_width=\u201d1920px\u201d height=\u201d400px\u201d filter_saturate=\u201d200%\u201d filter_brightness=\u201d200%\u201d global_colors_info=\u201d{}\u201d][et_pb_column type=\u201d4_4\u2033 _builder_version=\u201d4.17.6\u2033 _module_preset=\u201ddefault\u201d global_colors_info=\u201d{}\u201d][et_pb_text _builder_version=\u201d4.17.6\u2033 _module_preset=\u201ddefault\u201d header_2_font=\u201dRaleway|600|||||||\u201d header_2_text_align=\u201dcenter\u201d header_2_text_color=\u201d#FFFFFF\u201d header_2_font_size=\u201d60px\u201d background_color=\u201dRGBA(255,255,255,0)\u201d custom_padding=\u00bb100px||||false|false\u00bb global_colors_info=\u00bb{}\u00bb]<\/p>\n<h2>Sistema de Seguimiento de Sospechosos<\/h2>\n<p>[\/et_pb_text][\/et_pb_column][\/et_pb_row][\/et_pb_section][et_pb_section fb_built=\u201d1\u201d admin_label=\u201dServicios\u201d _builder_version=\u201d4.16\u201d custom_padding=\u201d0px||2px|||\u201d locked=\u201doff\u201d global_colors_info=\u201d{}\u201d][et_pb_row _builder_version=\u201d4.16\u2033 background_size=\u201dinitial\u201d background_position=\u201dtop_left\u201d background_repeat=\u201drepeat\u201d custom_width_px=\u201d710px\u201d global_colors_info=\u201d{}\u201d][et_pb_column type=\u201d4_4\u201d _builder_version=\u201d4.16\u201d background_position=\u201dtop_left\u201d custom_padding=\u201d|||\u201d global_colors_info=\u201d{}\u201d custom_padding__hover=\u201d|||\u201d][et_pb_divider color=\u201d#6eba01\u201d divider_weight=\u201d3px\u201d disabled_on=\u201doff|off|off\u201d _builder_version=\u201d4.17.6\u201d background_color_gradient_direction=\u201d90deg\u201d max_width=\u201d100px\u201d module_alignment=\u201dcenter\u201d height=\u201d5px\u201d custom_margin=\u201d||20px||false|false\u201d custom_padding=\u201d||20px|\u201d animation_style=\u201dslide\u201d animation_direction=\u201dbottom\u201d saved_tabs=\u201dall\u201d locked=\u201doff\u201d global_colors_info=\u201d{}\u201d][\/et_pb_divider][et_pb_text admin_label=\u201dT\u00edtulo de la secci\u00f3n de servicios\u201d _builder_version=\u201d4.18.0\u2033 header_font=\u201dMontserrat||||\u201d header_text_color=\u201d#1f1f1f\u201d header_font_size=\u201d36px\u201d header_2_font=\u201dRaleway|600|||||||\u201d header_2_text_color=\u201d#192546\u2033 header_2_font_size=\u201d36px\u201d text_orientation=\u201dcenter\u201d max_width=\u201d710px\u201d module_alignment=\u201dcenter\u201d animation_style=\u201dfold\u201d animation_direction=\u201dbottom\u201d animation_intensity_fold=\u201d20%\u201d global_colors_info=\u201d{}\u201d]<\/p>\n<h2>Seguimiento en tiempo real de sospechosos<\/h2>\n<p>[\/et_pb_text][et_pb_text admin_label=\u201dSubt\u00edtulo de la secci\u00f3n Servicios\u201d _builder_version=\u201d4.18.0\u201d text_text_color=\u201d#000000\u201d text_font_size=\u201d18px\u201d text_line_height=\u201d1.4em\u201d background_size=\u201dinitial\u201d background_position=\u201dtop_left\u201d background_repeat=\u201drepeat\u201d max_width=\u201d710px\u201d module_alignment=\u201dcenter\u201d custom_padding=\u201d||100px|||\u201d animation_style=\u201dfold\u201d animation_direction=\u201dbottom\u201d animation_intensity_fold=\u201d20%\u201d global_colors_info=\u201d{}\u201d]<\/p>\n<p><span>Nuestro Sistema de Seguimiento de Sospechosos<\/span> rastrea a los sospechosos identificados por el Sistema de Detecci\u00f3n de Armas. Al integrarse con c\u00e1maras en toda la instalaci\u00f3n y utilizar algoritmos de aprendizaje autom\u00e1tico de \u00faltima generaci\u00f3n, los sospechosos pueden identificarse para un an\u00e1lisis de comportamiento e interceptarse para una inspecci\u00f3n secundaria.<\/p>\n<p>[\/et_pb_text][\/et_pb_column][\/et_pb_row][et_pb_row column_structure=\u201d1_3,1_3,1_3\u2033 _builder_version=\u201d4.16\u2033 background_size=\u201dinitial\u201d background_position=\u201dtop_left\u201d background_repeat=\u201drepeat\u201d custom_padding=\u201d0px|||||\u201d global_colors_info=\u201d{}\u201d][et_pb_column type=\u201d1_3\u201d _builder_version=\u201d4.16\u201d background_position=\u201dtop_left\u201d custom_padding=\u201d|||\u201d global_colors_info=\u201d{}\u201d custom_padding__hover=\u201d|||\u201d][et_pb_blurb title=\u201dDetectar\u201d url=\u201d#\u201d use_icon=\u201don\u201d font_icon=\u201d\uf06e||fa||900\u2033 icon_color=\u201d#146fd0\u2033 image_icon_width=\u201d60px\u201d admin_label=\u201dServicio 01\u201d _builder_version=\u201d4.18.0\u2033 header_font=\u201dRaleway|600|||||||\u201d header_text_color=\u201d#192546\u2033 header_font_size=\u201d24px\u201d header_line_height=\u201d1.8em\u201d body_text_color=\u201d#000000\u2033 body_font_size=\u201d16px\u201d altura de l\u00ednea del cuerpo = \u201d1.9em\u201d tama\u00f1o del fondo = \u201dinicial\u201d posici\u00f3n del fondo = \u201dsuperior izquierda\u201d repetici\u00f3n del fondo = \u201drepetir\u201d orientaci\u00f3n del texto = \u201dcentro\u201d estilo de animaci\u00f3n = \u201ddoblar\u201d direcci\u00f3n de la animaci\u00f3n = \u201dabajo\u201d intensidad de la animaci\u00f3n de doblado = \u201d30%\u201d tama\u00f1o de la fuente del \u00edcono = \u201d60px\u201d informaci\u00f3n de colores globales = \u201c{}\u201d]<\/p>\n<p>Detecta autom\u00e1ticamente las firmas de armas antes de que entren<\/p>\n<p>[\/et_pb_blurb][\/et_pb_column][et_pb_column type=\u201d1_3\u2033 _builder_version=\u201d4.16\u2033 background_position=\u201dtop_left\u201d custom_padding=\u201d|||\u201d global_colors_info=\u201d{}\u201d custom_padding__hover=\u201d|||\u201d][et_pb_blurb title=\u201dEvaluar\u201d url=\u201d#\u201d use_icon=\u201don\u201d font_icon=\u201d\ue0f7||divi||400\u2033 icon_color=\u201d#146FD0\u2033 image_icon_width=\u201d60px\u201d admin_label=\u201dServicio 01\u201d _builder_version=\u201d4.18.0\u2033 header_font=\u201dRaleway|600|||||||\u201d header_text_color=\u201d#192546\u2033 header_font_size=\u201d24px\u201d header_line_height=\u201d1.8em\u201d body_text_color=\u201d#000000\u2033 body_font_size=\u201d16px\u201d altura de l\u00ednea del cuerpo = \u201d1.9em\u201d tama\u00f1o del fondo = \u201dinicial\u201d posici\u00f3n del fondo = \u201dsuperior izquierda\u201d repetici\u00f3n del fondo = \u201drepetir\u201d orientaci\u00f3n del texto = \u201dcentro\u201d estilo de animaci\u00f3n = \u201ddoblar\u201d direcci\u00f3n de la animaci\u00f3n = \u201dabajo\u201d intensidad de la animaci\u00f3n de doblado = \u201d30%\u201d tama\u00f1o de la fuente del \u00edcono = \u201d60px\u201d informaci\u00f3n de colores globales = \u201d{}\u201d]<\/p>\n<p>Basado en su programaci\u00f3n, el sistema asigna un nivel de prioridad<\/p>\n<p>[\/et_pb_blurb][\/et_pb_column][et_pb_column type=\u201d1_3\u2033 _builder_version=\u201d4.16\u2033 background_position=\u201dtop_left\u201d custom_padding=\u201d|||\u201d global_colors_info=\u201d{}\u201d custom_padding__hover=\u201d|||\u201d][et_pb_blurb title=\u201dNotificar\u201d url=\u201d#\u201d use_icon=\u201don\u201d font_icon=\u201d\ue069||divi||400\u2033 icon_color=\u201d#146FD0\u2033 image_icon_width=\u201d60px\u201d admin_label=\u201dServicio 01\u2033 _builder_version=\u201d4.18.0\u2033 header_font=\u201dRaleway|600|||||||\u201d header_text_color=\u201d#192546\u2033 header_font_size=\u201d24px\u201d header_line_height=\u201d1.8em\u201d body_text_color=\u201d#000000\u2033 body_font_size=\u201d16px\u201d altura de l\u00ednea del cuerpo = \u201d1.9em\u201d tama\u00f1o del fondo = \u201dinicial\u201d posici\u00f3n del fondo = \u201dsuperior izquierda\u201d repetici\u00f3n del fondo = \u201drepetir\u201d orientaci\u00f3n del texto = \u201dcentro\u201d estilo de animaci\u00f3n = \u201dplegar\u201d direcci\u00f3n de animaci\u00f3n = \u201dabajo\u201d intensidad de animaci\u00f3n de plegado = \u201d30%\u201d tama\u00f1o de fuente del \u00edcono = \u201d60px\u201d informaci\u00f3n de colores globales = \u201d{}\u201d]<\/p>\n<p>La seguridad en el sitio es alertada en tiempo real y luego puede reaccionar r\u00e1pidamente<\/p>\n<p>[\/et_pb_blurb][\/et_pb_column][\/et_pb_row][et_pb_row _builder_version=\u201d4.16\u2033 background_size=\u201dinitial\u201d background_position=\u201dtop_left\u201d background_repeat=\u201drepeat\u201d custom_width_px=\u201d710px\u201d global_colors_info=\u201d{}\u201d][et_pb_column type=\u201d4_4\u2033 _builder_version=\u201d4.16\u2033 background_position=\u201dtop_left\u201d custom_padding=\u201d|||\u201d global_colors_info=\u201d{}\u201d custom_padding__hover=\u201d|||\u201d][et_pb_divider color=\u201d#6eba01\u201d divider_weight=\u201d3px\u201d disabled_on=\u201doff|off|off\u201d _builder_version=\u201d4.17.6\u201d background_color_gradient_direction=\u201d90deg\u201d max_width=\u201d100px\u201d module_alignment=\u201dcenter\u201d height=\u201d5px\u201d custom_margin=\u201d||20px||false|false\u201d custom_padding=\u201d||20px|\u201d animation_style=\u201dslide\u201d animation_direction=\u201dbottom\u201d saved_tabs=\u201dall\u201d locked=\u201doff\u201d global_colors_info=\u201d{}\u201d][\/et_pb_divider][et_pb_text admin_label=\u201dT\u00edtulo de la secci\u00f3n Servicios\u201d _builder_version=\u201d4.17.6\u2033 header_font=\u201dMontserrat||||\u201d header_text_color=\u201d#1f1f1f\u201d header_font_size=\u201d36px\u201d header_2_font=\u201dRaleway|600|||||||\u201d header_2_text_color=\u201d#192546\u2033 header_2_font_size=\u201d36px\u201d text_orientation=\u201dcenter\u201d max_width=\u201d710px\u201d module_alignment=\u201dcenter\u201d animation_style=\u201dfold\u201d animation_direction=\u201dbottom\u201d animation_intensity_fold=\u201d20%\u201d global_colors_info=\u201d{}\u201d]<\/p>\n<h2>Caracter\u00edsticas y beneficios \u00fanicos<\/h2>\n<p>[\/et_pb_text][et_pb_image src=\u201dhttp:\/\/smartcts.net\/wp-content\/uploads\/2022\/10\/suspect-tracking.jpg\u201d title_text=\u201dsuspect-tracking\u201d align=\u201dcenter\u201d _builder_version=\u201d4.17.6\u2033 _module_preset=\u201ddefault\u201d width=\u201d40%\u201d border_width_all=\u201d2px\u201d border_color_all=\u201d#192546\u2033 global_colors_info=\u201d{}\u201d][\/et_pb_image][et_pb_text module_class=\u201dpa-bullet-list-1\u2033 _builder_version=\u201d4.18.0\u2033 _module_preset=\u201ddefault\u201d text_font_size=\u201d18px\u201d max_width=\u201d65%\u201d module_alignment=\u201dcenter\u201d global_colors_info=\u201d{}\u201d]<\/p>\n<ul>\n<li>Activado por el Sistema de Detecci\u00f3n de Armas para acciones de seguimiento<\/li>\n<li>Integrado con el sistema de c\u00e1maras de la instalaci\u00f3n<\/li>\n<li>Utiliza aprendizaje autom\u00e1tico de \u00faltima generaci\u00f3n<\/li>\n<li>Altamente capaz de detecci\u00f3n incluso con poca luz o baja resoluci\u00f3n<\/li>\n<li>Rastrea autom\u00e1ticamente al sospechoso incluso a trav\u00e9s de espacios en la vista<\/li>\n<li>La identificaci\u00f3n se realiza en tiempo real<\/li>\n<\/ul>\n<p>[\/et_pb_text][\/et_pb_column][\/et_pb_row][\/et_pb_section][et_pb_section fb_built=\u201d1\u2033 admin_label=\u201dSuscripci\u00f3n por correo electr\u00f3nico\u201d _builder_version=\u201d4.17.6\u2033 background_color=\u201d#146fd0\u2033 custom_margin=\u201d||-12px|||\u201d custom_padding=\u201d48px||46px|||\u201d animation_style=\u201dfold\u201d animation_direction=\u201dbottom\u201d animation_intensity_fold=\u201d4%\u201d global_colors_info=\u201d{}\u201d][et_pb_row _builder_version=\u201d4.17.6\u2033 color_fondo=\u201d#146fd0\u2033 tama\u00f1o_fondo=\u201dinicial\u201d posici\u00f3n_fondo=\u201dsuperior_izquierda\u201d repetici\u00f3n_fondo=\u201drepetir\u201d margen_personalizado=\u201d-23px|auto||auto||\u201d relleno_personalizado=\u201d19px|||||\u201d custom_width_px=\u201d710px\u201d global_colors_info=\u201d{}\u201d][et_pb_column type=\u201d4_4\u2033 _builder_version=\u201d4.16\u2033 background_position=\u201dtop_left\u201d custom_padding=\u201d|||\u201d global_colors_info=\u201d{}\u201d custom_padding__hover=\u201d|||\u201d][et_pb_divider color=\u201d#6eba01\u2033 divider_weight=\u201d3px\u201d disabled_on=\u201doff|off|off\u201d _builder_version=\u201d4.17.6\u2033 background_color_gradient_direction=\u201d90deg\u201d max_width=\u201d100px\u201d module_alignment=\u201dcenter\u201d height=\u201d5px\u201d custom_margin=\u201d||20px|\u201d custom_padding=\u201d||20px|\u201d animation_style=\u201dslide\u201d animation_direction=\u201dbottom\u201d saved_tabs=\u201dall\u201d locked=\u201doff\u201d global_colors_info=\u201d{}\u201d][\/et_pb_divider][et_pb_text admin_label=\u201dT\u00edtulo de la secci\u00f3n de solicitudes\u201d _builder_version=\u201d4.18.0\u2033 header_font=\u201dRaleway|600|||||||\u201d header_text_color=\u201d#FFFFFF\u201d header_font_size=\u201d38px\u201d text_orientation=\u201dcenter\u201d background_layout=\u201ddark\u201d max_width=\u201d710px\u201d module_alignment=\u201dcenter\u201d animation_style=\u201dfold\u201d animation_direction=\u201dbottom\u201d animation_intensity_fold=\u201d20%\u201d global_colors_info=\u201d{}\u201d]<\/p>\n<h1>Cont\u00e1ctanos<\/h1>\n<p>[\/et_pb_text][et_pb_text admin_label=\u201dSolicitar subt\u00edtulo de secci\u00f3n\u201d _builder_version=\u201d4.18.0\u2033 text_font_size=\u201d21px\u201d text_line_height=\u201d1.5em\u201d background_size=\u201dinitial\u201d background_position=\u201dtop_left\u201d background_repeat=\u201drepeat\u201d text_orientation=\u201dcenter\u201d background_layout=\u201ddark\u201d max_width=\u201d710px\u201d module_alignment=\u201dcenter\u201d animation_style=\u201dfold\u201d animation_direction=\u201dbottom\u201d animation_intensity_fold=\u201d20%\u201d global_colors_info=\u201d{}\u201d]<\/p>\n<p>Cont\u00e1ctenos para obtener m\u00e1s informaci\u00f3n y una evaluaci\u00f3n experta de amenazas de seguridad.<\/p>\n<p>[\/et_pb_text][et_pb_contact_form email=\u201dsupport2@smartcts.net\u201d custom_message=\u201dMi mensaje es %%mensaje%%, la empresa es %%empresa%%, el correo electr\u00f3nico es %%correo electr\u00f3nico%% y el n\u00famero de tel\u00e9fono es %%tel\u00e9fono%%. \u201d use_redirect=\u201don\u201d redirect_url=\u201dwww.smartcts.net\/thank-you\u201d submit_button_text=\u201dEnviar\u201d _builder_version=\u201d4.18.0\u2033 _module_preset=\u201ddefault\u201d _unique_id=\u201dad862aaa-77dd-4c75-b891-9d8a73159bee\u201d captcha_text_color=\u201d#FFFFFF\u201d form_field_text_align=\u201dleft\u201d custom_button=\u201don\u201d button_text_color=\u201d#FFFFFF\u201d button_bg_color=\u201d#6eba01\u2033 button_border_color=\u201d#FFFFFF\u201d button_border_radius=\u201d11px\u201d button_use_icon=\u201doff\u201d width=\u201d65%\u201d module_alignment=\u201dcenter\u201d button_bg_color_last_edited=\u201doff|desktop\u201d global_colors_info=\u201d{}\u201d color_fondo_bot\u00f3n__hover_habilitado=\u201dactivado|hover\u201d color_fondo_bot\u00f3n__hover=\u201d#192546\u2033 habilitar_color_fondo_bot\u00f3n__hover=\u201dactivado\u201d color_texto_bot\u00f3n__hover_habilitado=\u201dactivado|hover\u201d color_texto_bot\u00f3n__hover=\u201d#FFFFFF\u201d \u00e1rea_creador_tema=\u201dcontenido_publicaci\u00f3n\u201d][et_pb_contact_field field_id=\u201dNombre\u201d field_title=\u201dNombre\u201d _builder_version=\u201d4.16\u201d global_colors_info=\u201d{}\u201d button_text_size__hover_enabled=\u201doff\u201d button_one_text_size__hover_enabled=\u201doff\u201d button_two_text_size__hover_enabled=\u201doff\u201d button_text_color__hover_enabled=\u201doff\u201d button_one_text_color__hover_enabled=\u201doff\u201d color_texto_bot\u00f3n_dos__hover_habilitado=\u201ddesactivado\u201d ancho_borde_bot\u00f3n__hover_habilitado=\u201ddesactivado\u201d ancho_borde_bot\u00f3n_uno__hover_habilitado=\u201ddesactivado\u201d ancho_borde_bot\u00f3n_dos__hover_habilitado=\u201ddesactivado\u201d color_borde_bot\u00f3n__hover_habilitado=\u201ddesactivado\u201d color_del_borde_del_bot\u00f3n_uno__hover_enabled=\u201doff\u201d color_del_borde_del_bot\u00f3n_dos__hover_enabled=\u201doff\u201d radio_del_borde_del_bot\u00f3n__hover_enabled=\u201doff\u201d radio_del_borde_del_bot\u00f3n_uno__hover_enabled=\u201doff\u201d radio_del_borde_del_bot\u00f3n_dos__hover_enabled=\u201doff\u201d espaciado_entre_letras_del_bot\u00f3n__hover_enabled=\u201doff\u201d button_one_letter_spacing__hover_enabled=\u201doff\u201d button_two_letter_spacing__hover_enabled=\u201doff\u201d button_bg_color__hover_enabled=\u201doff\u201d button_one_bg_color__hover_enabled=\u201doff\u201d button_two_bg_color__hover_enabled=\u201doff\u201d theme_builder_area=\u201dpost_content\u201d][\/et_pb_contact_field][et_pb_contact_field field_id=\u201dEmpresa\u201d field_title=\u201dEmpresa\u201d required_mark=\u201doff\u201d _builder_version=\u201d4.18.0\u201d global_colors_info=\u201d{}\u201d button_text_size__hover_enabled=\u201doff\u201d button_one_text_size__hover_enabled=\u201doff\u201d button_two_text_size__hover_enabled=\u201doff\u201d button_text_color__hover_enabled=\u201doff\u201d button_one_text_color__hover_enabled=\u201doff\u201d color_texto_bot\u00f3n_dos__hover_habilitado=\u201ddesactivado\u201d ancho_borde_bot\u00f3n__hover_habilitado=\u201ddesactivado\u201d ancho_borde_bot\u00f3n_uno__hover_habilitado=\u201ddesactivado\u201d ancho_borde_bot\u00f3n_dos__hover_habilitado=\u201ddesactivado\u201d color_borde_bot\u00f3n__hover_habilitado=\u201ddesactivado\u201d color_borde_bot\u00f3n_uno__hover_habilitado=\u201ddesactivado\u201d color_borde_bot\u00f3n_dos__hover_habilitado=\u201ddesactivado\u201d radio_borde_bot\u00f3n__hover_habilitado=\u201ddesactivado\u201d radio_borde_bot\u00f3n_uno__hover_habilitado=\u201ddesactivado\u201d radio_borde_bot\u00f3n_dos__hover_habilitado=\u201ddesactivado\u201d espaciado_letras_bot\u00f3n__hover_habilitado=\u201ddesactivado\u201d espaciado_letras_bot\u00f3n_uno__hover_habilitado=\u201ddesactivado\u201d button_two_letter_spacing__hover_enabled=\u201doff\u201d button_bg_color__hover_enabled=\u201doff\u201d button_one_bg_color__hover_enabled=\u201doff\u201d button_two_bg_color__hover_enabled=\u201doff\u201d theme_builder_area=\u201dpost_content\u201d][\/et_pb_contact_field][et_pb_contact_field field_id=\u201dCorreo electr\u00f3nico\u201d field_title=\u201dDirecci\u00f3n de correo electr\u00f3nico\u201d field_type=\u201demail\u201d _builder_version=\u201d4.16\u2033 global_colors_info=\u201d{}\u201d button_text_size__hover_enabled=\u201doff\u201d button_one_text_size__hover_enabled=\u201doff\u201d button_two_text_size__hover_enabled=\u201doff\u201d button_text_color__hover_enabled=\u201doff\u201d button_one_text_color__hover_enabled=\u201doff\u201d color_texto_bot\u00f3n_dos__hover_habilitado=\u201ddesactivado\u201d ancho_borde_bot\u00f3n__hover_habilitado=\u201ddesactivado\u201d ancho_borde_bot\u00f3n_uno__hover_habilitado=\u201ddesactivado\u201d ancho_borde_bot\u00f3n_dos__hover_habilitado=\u201ddesactivado\u201d color_borde_bot\u00f3n__hover_habilitado=\u201ddesactivado\u201d color_del_borde_del_bot\u00f3n_uno__hover_enabled=\u201doff\u201d color_del_borde_del_bot\u00f3n_dos__hover_enabled=\u201doff\u201d radio_del_borde_del_bot\u00f3n__hover_enabled=\u201doff\u201d radio_del_borde_del_bot\u00f3n_uno__hover_enabled=\u201doff\u201d radio_del_borde_del_bot\u00f3n_dos__hover_enabled=\u201doff\u201d espaciado_entre_letras_del_bot\u00f3n__hover_enabled=\u201doff\u201d button_one_letter_spacing__hover_enabled=\u201doff\u201d button_two_letter_spacing__hover_enabled=\u201doff\u201d button_bg_color__hover_enabled=\u201doff\u201d button_one_bg_color__hover_enabled=\u201doff\u201d button_two_bg_color__hover_enabled=\u201doff\u201d theme_builder_area=\u201dpost_content\u201d][\/et_pb_contact_field][et_pb_contact_field field_id=\u201dTel\u00e9fono\u201d field_title=\u201dTel\u00e9fono\u201d max_length=\u201d108\u201d required_mark=\u201doff\u201d _builder_version=\u201d4.18.0\u201d _module_preset=\u201ddefault\u201d global_colors_info=\u201d{}\u201d theme_builder_area=\u201dpost_content\u201d][\/et_pb_contact_field][et_pb_contact_field field_id=\u201dMensaje\u201d field_title=\u201dMensaje\u201d field_type=\u201dtexto\u201d fullwidth_field=\u201don\u201d _builder_version=\u201d4.16\u2033 global_colors_info=\u201d{}\u201d button_text_size__hover_enabled=\u201doff\u201d button_one_text_size__hover_enabled=\u201doff\u201d button_two_text_size__hover_enabled=\u201doff\u201d button_text_color__hover_enabled=\u201doff\u201d button_one_text_color__hover_enabled=\u201doff\u201d color_texto_bot\u00f3n_dos__hover_habilitado=\u201ddesactivado\u201d ancho_borde_bot\u00f3n__hover_habilitado=\u201ddesactivado\u201d ancho_borde_bot\u00f3n_uno__hover_habilitado=\u201ddesactivado\u201d ancho_borde_bot\u00f3n_dos__hover_habilitado=\u201ddesactivado\u201d color_borde_bot\u00f3n__hover_habilitado=\u201ddesactivado\u201d color_borde_bot\u00f3n_uno__hover_habilitado=\u201ddesactivado\u201d color_del_borde_del_bot\u00f3n_dos__hover_enabled=\u201doff\u201d radio_del_borde_del_bot\u00f3n__hover_enabled=\u201doff\u201d radio_del_borde_del_bot\u00f3n_uno__hover_enabled=\u201doff\u201d radio_del_borde_del_bot\u00f3n_dos__hover_enabled=\u201doff\u201d espaciado_entre_letras_del_bot\u00f3n__hover_enabled=\u201doff\u201d button_one_letter_spacing__hover_enabled=\u201doff\u201d button_two_letter_spacing__hover_enabled=\u201doff\u201d button_bg_color__hover_enabled=\u201doff\u201d button_one_bg_color__hover_enabled=\u201doff\u201d button_two_bg_color__hover_enabled=\u201doff\u201d theme_builder_area=\u201dpost_content\u201d][\/et_pb_contact_field][\/et_pb_contact_form][\/et_pb_column][\/et_pb_row][\/et_pb_section]<\/p>","protected":false},"excerpt":{"rendered":"<p>Sistema de seguimiento de sospechosos Seguimiento en tiempo real de sospechosos Nuestro sistema de seguimiento de sospechosos localiza y sigue a los sospechosos identificados por nuestro sistema de detecci\u00f3n de armas. Mediante la integraci\u00f3n con c\u00e1maras repartidas por toda la instalaci\u00f3n y el uso de algoritmos de aprendizaje autom\u00e1tico de \u00faltima generaci\u00f3n, se puede identificar a los sospechosos mediante el an\u00e1lisis de su comportamiento y, a continuaci\u00f3n, interceptarlos para realizar una inspecci\u00f3n secundaria. Detecta autom\u00e1ticamente las se\u00f1ales de armas antes de que [\u2026]<\/p>","protected":false},"author":1,"featured_media":0,"parent":0,"menu_order":0,"comment_status":"closed","ping_status":"closed","template":"","meta":{"_et_pb_use_builder":"on","_et_pb_old_content":"<!-- wp:divi\/placeholder \/-->","_et_gb_content_width":"","footnotes":""},"class_list":["post-428","page","type-page","status-publish","hentry"],"aioseo_notices":[],"_links":{"self":[{"href":"https:\/\/smartcts.net\/es\/wp-json\/wp\/v2\/pages\/428","targetHints":{"allow":["GET"]}}],"collection":[{"href":"https:\/\/smartcts.net\/es\/wp-json\/wp\/v2\/pages"}],"about":[{"href":"https:\/\/smartcts.net\/es\/wp-json\/wp\/v2\/types\/page"}],"author":[{"embeddable":true,"href":"https:\/\/smartcts.net\/es\/wp-json\/wp\/v2\/users\/1"}],"replies":[{"embeddable":true,"href":"https:\/\/smartcts.net\/es\/wp-json\/wp\/v2\/comments?post=428"}],"version-history":[{"count":16,"href":"https:\/\/smartcts.net\/es\/wp-json\/wp\/v2\/pages\/428\/revisions"}],"predecessor-version":[{"id":1207,"href":"https:\/\/smartcts.net\/es\/wp-json\/wp\/v2\/pages\/428\/revisions\/1207"}],"wp:attachment":[{"href":"https:\/\/smartcts.net\/es\/wp-json\/wp\/v2\/media?parent=428"}],"curies":[{"name":"wp","href":"https:\/\/api.w.org\/{rel}","templated":true}]}}