{"id":430,"date":"2022-10-01T16:46:59","date_gmt":"2022-10-01T16:46:59","guid":{"rendered":"http:\/\/smartcts.net\/?page_id=430"},"modified":"2022-10-24T18:54:43","modified_gmt":"2022-10-24T18:54:43","slug":"proteccion-perimetral","status":"publish","type":"page","link":"https:\/\/smartcts.net\/es\/proteccion-perimetral\/","title":{"rendered":"Protecci\u00f3n perimetral"},"content":{"rendered":"<p>[et_pb_section fb_built=&#8221;1&#8243; _builder_version=&#8221;4.17.6&#8243; _module_preset=&#8221;default&#8221; custom_padding=&#8221;0px|||||&#8221; global_colors_info=&#8221;{}&#8221;][et_pb_row _builder_version=&#8221;4.18.0&#8243; _module_preset=&#8221;default&#8221; background_color=&#8221;#192546&#8243; background_image=&#8221;http:\/\/smartcts.net\/wp-content\/uploads\/2022\/10\/prison-perimeter.jpg&#8221; background_blend=&#8221;overlay&#8221; width=&#8221;100%&#8221; max_width=&#8221;1920px&#8221; height=&#8221;400px&#8221; filter_saturate=&#8221;200%&#8221; filter_brightness=&#8221;200%&#8221; global_colors_info=&#8221;{}&#8221;][et_pb_column type=&#8221;4_4&#8243; _builder_version=&#8221;4.17.6&#8243; _module_preset=&#8221;default&#8221; global_colors_info=&#8221;{}&#8221;][et_pb_text _builder_version=&#8221;4.17.6&#8243; _module_preset=&#8221;default&#8221; header_2_font=&#8221;Raleway|600|||||||&#8221; header_2_text_align=&#8221;center&#8221; header_2_text_color=&#8221;#FFFFFF&#8221; header_2_font_size=&#8221;60px&#8221; background_color=&#8221;RGBA(255,255,255,0)&#8221; custom_padding=&#8221;100px||||false|false&#8221; global_colors_info=&#8221;{}&#8221;]<\/p>\n<h2>Sistema de Protecci\u00f3n Perimetral<\/h2>\n<p>[\/et_pb_text][\/et_pb_column][\/et_pb_row][\/et_pb_section][et_pb_section fb_built=&#8221;1&#8243; admin_label=&#8221;Services&#8221; _builder_version=&#8221;4.16&#8243; custom_padding=&#8221;0px||2px|||&#8221; locked=&#8221;off&#8221; global_colors_info=&#8221;{}&#8221;][et_pb_row _builder_version=&#8221;4.16&#8243; background_size=&#8221;initial&#8221; background_position=&#8221;top_left&#8221; background_repeat=&#8221;repeat&#8221; custom_width_px=&#8221;710px&#8221; global_colors_info=&#8221;{}&#8221;][et_pb_column type=&#8221;4_4&#8243; _builder_version=&#8221;4.16&#8243; background_position=&#8221;top_left&#8221; custom_padding=&#8221;|||&#8221; global_colors_info=&#8221;{}&#8221; custom_padding__hover=&#8221;|||&#8221;][et_pb_divider color=&#8221;#6eba01&#8243; divider_weight=&#8221;3px&#8221; disabled_on=&#8221;off|off|off&#8221; _builder_version=&#8221;4.17.6&#8243; background_color_gradient_direction=&#8221;90deg&#8221; max_width=&#8221;100px&#8221; module_alignment=&#8221;center&#8221; height=&#8221;5px&#8221; custom_margin=&#8221;||20px||false|false&#8221; custom_padding=&#8221;||20px|&#8221; animation_style=&#8221;slide&#8221; animation_direction=&#8221;bottom&#8221; saved_tabs=&#8221;all&#8221; locked=&#8221;off&#8221; global_colors_info=&#8221;{}&#8221;][\/et_pb_divider][et_pb_text admin_label=&#8221;Services Section Title&#8221; _builder_version=&#8221;4.17.6&#8243; header_font=&#8221;Montserrat||||&#8221; header_text_color=&#8221;#1f1f1f&#8221; header_font_size=&#8221;36px&#8221; header_2_font=&#8221;Raleway|600|||||||&#8221; header_2_text_color=&#8221;#192546&#8243; header_2_font_size=&#8221;36px&#8221; text_orientation=&#8221;center&#8221; max_width=&#8221;710px&#8221; module_alignment=&#8221;center&#8221; animation_style=&#8221;fold&#8221; animation_direction=&#8221;bottom&#8221; animation_intensity_fold=&#8221;20%&#8221; global_colors_info=&#8221;{}&#8221;]<\/p>\n<h2>Seguridad perimetral con resultados comprobados<\/h2>\n<p>[\/et_pb_text][et_pb_text admin_label=&#8221;Services Section Subtitle&#8221; _builder_version=&#8221;4.18.0&#8243; text_text_color=&#8221;#000000&#8243; text_font_size=&#8221;18px&#8221; text_line_height=&#8221;1.4em&#8221; background_size=&#8221;initial&#8221; background_position=&#8221;top_left&#8221; background_repeat=&#8221;repeat&#8221; max_width=&#8221;710px&#8221; module_alignment=&#8221;center&#8221; custom_padding=&#8221;||103px|||&#8221; animation_style=&#8221;fold&#8221; animation_direction=&#8221;bottom&#8221; animation_intensity_fold=&#8221;20%&#8221; global_colors_info=&#8221;{}&#8221;]<\/p>\n<p>Nuestro Sistema de Seguridad Perimetral utiliza un cable de fibra \u00f3ptica enterrado para crear un conjunto de sensores que abarca la instalaci\u00f3n. Esto proporciona una identificaci\u00f3n en tiempo real de los fen\u00f3menos geof\u00edsicos de la superficie y del subsuelo para permitir respuestas espec\u00edficas basadas en amenazas. Cada sistema proporciona hasta 40 kil\u00f3metros de monitoreo continuo de todo clima a lo largo de rutas designadas o per\u00edmetros del sitio.<\/p>\n<p>[\/et_pb_text][\/et_pb_column][\/et_pb_row][et_pb_row column_structure=\u201d1_3,1_3,1_3\u2033 _builder_version=\u201d4.16\u2033 background_size=\u201dinitial\u201d background_position=\u201dtop_left\u201d background_repeat=\u201drepeat\u201d custom_padding=\u201d0px|||||\u201d global_colors_info=\u201d{}\u201d][et_pb_column type=\u201d1_3\u201d _builder_version=\u201d4.16\u201d background_position=\u201dtop_left\u201d custom_padding=\u201d|||\u201d global_colors_info=\u201d{}\u201d custom_padding__hover=\u201d|||\u201d][et_pb_blurb title=\u201dDetectar\u201d url=\u201d#\u201d use_icon=\u201don\u201d font_icon=\u201d\uf06e||fa||900\u2033 icon_color=\u201d#146fd0\u2033 image_icon_width=\u201d60px\u201d admin_label=\u201dServicio 01\u201d _builder_version=\u201d4.18.0\u2033 header_font=\u201dRaleway|600|||||||\u201d header_text_color=\u201d#192546\u2033 header_font_size=\u201d24px\u201d header_line_height=\u201d1.8em\u201d body_text_color=\u201d#000000\u2033 body_font_size=\u201d16px\u201d altura de l\u00ednea del cuerpo = \u201d1.9em\u201d tama\u00f1o del fondo = \u201dinicial\u201d posici\u00f3n del fondo = \u201dsuperior izquierda\u201d repetici\u00f3n del fondo = \u201drepetir\u201d orientaci\u00f3n del texto = \u201dcentro\u201d estilo de animaci\u00f3n = \u201ddoblar\u201d direcci\u00f3n de la animaci\u00f3n = \u201dabajo\u201d intensidad de la animaci\u00f3n de doblado = \u201d30%\u201d tama\u00f1o de la fuente del \u00edcono = \u201d60px\u201d informaci\u00f3n de colores globales = \u201c{}\u201d]<\/p>\n<p>Detecta autom\u00e1ticamente las firmas de armas antes de que entren<\/p>\n<p>[\/et_pb_blurb][\/et_pb_column][et_pb_column type=\u201d1_3\u2033 _builder_version=\u201d4.16\u2033 background_position=\u201dtop_left\u201d custom_padding=\u201d|||\u201d global_colors_info=\u201d{}\u201d custom_padding__hover=\u201d|||\u201d][et_pb_blurb title=\u201dEvaluar\u201d url=\u201d#\u201d use_icon=\u201don\u201d font_icon=\u201d\ue0f7||divi||400\u2033 icon_color=\u201d#146FD0\u2033 image_icon_width=\u201d60px\u201d admin_label=\u201dServicio 01\u201d _builder_version=\u201d4.18.0\u2033 header_font=\u201dRaleway|600|||||||\u201d header_text_color=\u201d#192546\u2033 header_font_size=\u201d24px\u201d header_line_height=\u201d1.8em\u201d body_text_color=\u201d#000000\u2033 body_font_size=\u201d16px\u201d altura de l\u00ednea del cuerpo = \u201d1.9em\u201d tama\u00f1o del fondo = \u201dinicial\u201d posici\u00f3n del fondo = \u201dsuperior izquierda\u201d repetici\u00f3n del fondo = \u201drepetir\u201d orientaci\u00f3n del texto = \u201dcentro\u201d estilo de animaci\u00f3n = \u201ddoblar\u201d direcci\u00f3n de la animaci\u00f3n = \u201dabajo\u201d intensidad de la animaci\u00f3n de doblado = \u201d30%\u201d tama\u00f1o de la fuente del \u00edcono = \u201d60px\u201d informaci\u00f3n de colores globales = \u201d{}\u201d]<\/p>\n<p>Basado en su programaci\u00f3n, el sistema asigna un nivel de prioridad<\/p>\n<p>[\/et_pb_blurb][\/et_pb_column][et_pb_column type=\u201d1_3\u2033 _builder_version=\u201d4.16\u2033 background_position=\u201dtop_left\u201d custom_padding=\u201d|||\u201d global_colors_info=\u201d{}\u201d custom_padding__hover=\u201d|||\u201d][et_pb_blurb title=\u201dNotificar\u201d url=\u201d#\u201d use_icon=\u201don\u201d font_icon=\u201d\ue069||divi||400\u2033 icon_color=\u201d#146FD0\u2033 image_icon_width=\u201d60px\u201d admin_label=\u201dServicio 01\u2033 _builder_version=\u201d4.18.0\u2033 header_font=\u201dRaleway|600|||||||\u201d header_text_color=\u201d#192546\u2033 header_font_size=\u201d24px\u201d header_line_height=\u201d1.8em\u201d body_text_color=\u201d#000000\u2033 body_font_size=\u201d16px\u201d altura de l\u00ednea del cuerpo = \u201d1.9em\u201d tama\u00f1o del fondo = \u201dinicial\u201d posici\u00f3n del fondo = \u201dsuperior izquierda\u201d repetici\u00f3n del fondo = \u201drepetir\u201d orientaci\u00f3n del texto = \u201dcentro\u201d estilo de animaci\u00f3n = \u201dplegar\u201d direcci\u00f3n de animaci\u00f3n = \u201dabajo\u201d intensidad de animaci\u00f3n de plegado = \u201d30%\u201d tama\u00f1o de fuente del \u00edcono = \u201d60px\u201d informaci\u00f3n de colores globales = \u201d{}\u201d]<\/p>\n<p>La seguridad en el sitio es alertada en tiempo real y luego puede reaccionar r\u00e1pidamente<\/p>\n<p>[\/et_pb_blurb][\/et_pb_column][\/et_pb_row][et_pb_row _builder_version=\u201d4.16\u2033 background_size=\u201dinitial\u201d background_position=\u201dtop_left\u201d background_repeat=\u201drepeat\u201d custom_width_px=\u201d710px\u201d global_colors_info=\u201d{}\u201d][et_pb_column type=\u201d4_4\u2033 _builder_version=\u201d4.16\u2033 background_position=\u201dtop_left\u201d custom_padding=\u201d|||\u201d global_colors_info=\u201d{}\u201d custom_padding__hover=\u201d|||\u201d][et_pb_divider color=\u201d#6eba01\u201d divider_weight=\u201d3px\u201d disabled_on=\u201doff|off|off\u201d _builder_version=\u201d4.17.6\u201d background_color_gradient_direction=\u201d90deg\u201d max_width=\u201d100px\u201d module_alignment=\u201dcenter\u201d height=\u201d5px\u201d custom_margin=\u201d||20px||false|false\u201d custom_padding=\u201d||20px|\u201d animation_style=\u201dslide\u201d animation_direction=\u201dbottom\u201d saved_tabs=\u201dall\u201d locked=\u201doff\u201d global_colors_info=\u201d{}\u201d][\/et_pb_divider][et_pb_text admin_label=\u201dT\u00edtulo de la secci\u00f3n Servicios\u201d _builder_version=\u201d4.17.6\u2033 header_font=\u201dMontserrat||||\u201d header_text_color=\u201d#1f1f1f\u201d header_font_size=\u201d36px\u201d header_2_font=\u201dRaleway|600|||||||\u201d header_2_text_color=\u201d#192546\u2033 header_2_font_size=\u201d36px\u201d text_orientation=\u201dcenter\u201d max_width=\u201d710px\u201d module_alignment=\u201dcenter\u201d animation_style=\u201dfold\u201d animation_direction=\u201dbottom\u201d animation_intensity_fold=\u201d20%\u201d global_colors_info=\u201d{}\u201d]<\/p>\n<h2>Una historia de rendimiento probado<\/h2>\n<p>[\/et_pb_text][et_pb_image src=&#8221;http:\/\/smartcts.net\/wp-content\/uploads\/2022\/10\/perimeter-security.png&#8221; title_text=&#8221;perimeter-security&#8221; align=&#8221;center&#8221; _builder_version=&#8221;4.17.6&#8243; _module_preset=&#8221;default&#8221; width=&#8221;40%&#8221; border_width_all=&#8221;2px&#8221; border_color_all=&#8221;#192546&#8243; global_colors_info=&#8221;{}&#8221;][\/et_pb_image][et_pb_text module_class=&#8221;pa-bullet-list-1&#8243; _builder_version=&#8221;4.18.0&#8243; _module_preset=&#8221;default&#8221; ul_font_size=&#8221;18px&#8221; max_width=&#8221;65%&#8221; module_alignment=&#8221;center&#8221; global_colors_info=&#8221;{}&#8221;]<\/p>\n<ul>\n<li>M\u00e1s de 8 a\u00f1os de rendemiento anterior brindando cobertura de monitoreo 24\/7\/365 a lo largo de rutas y per\u00edmetros<\/li>\n<li>1.000 km de fibra comercial a lo largo de decenas de rutas y varios per\u00edmetros de instalaci\u00f3n en apoyo de las operaciones en el extranjero de EE. UU.<\/li>\n<li>100 km de fibra comercial instalada a lo largo de la frontera suroeste de EE. UU.<\/li>\n<li>Rendimiento comprobado que respalda las operaciones militares y la seguridad fronteriza con sistemas similares instalados en m\u00e1s de 35 ubicaciones y diferentes entornos en todo el mundo.<\/li>\n<\/ul>\n<p>[\/et_pb_text][\/et_pb_column][\/et_pb_row][et_pb_row _builder_version=&#8221;4.16&#8243; background_size=&#8221;initial&#8221; background_position=&#8221;top_left&#8221; background_repeat=&#8221;repeat&#8221; custom_width_px=&#8221;710px&#8221; global_colors_info=&#8221;{}&#8221;][et_pb_column type=&#8221;4_4&#8243; _builder_version=&#8221;4.16&#8243; background_position=&#8221;top_left&#8221; custom_padding=&#8221;|||&#8221; global_colors_info=&#8221;{}&#8221; custom_padding__hover=&#8221;|||&#8221;][et_pb_divider color=&#8221;#6eba01&#8243; divider_weight=&#8221;3px&#8221; disabled_on=&#8221;off|off|off&#8221; _builder_version=&#8221;4.17.6&#8243; background_color_gradient_direction=&#8221;90deg&#8221; max_width=&#8221;100px&#8221; module_alignment=&#8221;center&#8221; height=&#8221;5px&#8221; custom_margin=&#8221;||20px||false|false&#8221; custom_padding=&#8221;||20px|&#8221; animation_style=&#8221;slide&#8221; animation_direction=&#8221;bottom&#8221; saved_tabs=&#8221;all&#8221; locked=&#8221;off&#8221; global_colors_info=&#8221;{}&#8221;][\/et_pb_divider][et_pb_text admin_label=&#8221;Services Section Title&#8221; _builder_version=&#8221;4.17.6&#8243; header_font=&#8221;Montserrat||||&#8221; header_text_color=&#8221;#1f1f1f&#8221; header_font_size=&#8221;36px&#8221; header_2_font=&#8221;Raleway|600|||||||&#8221; header_2_text_color=&#8221;#192546&#8243; header_2_font_size=&#8221;36px&#8221; header_2_line_height=&#8221;1.2em&#8221; text_orientation=&#8221;center&#8221; max_width=&#8221;710px&#8221; module_alignment=&#8221;center&#8221; animation_style=&#8221;fold&#8221; animation_direction=&#8221;bottom&#8221; animation_intensity_fold=&#8221;20%&#8221; global_colors_info=&#8221;{}&#8221;]<\/p>\n<h2 class=\"translation-block\">Caracter\u00edsticas claves<br>Protecci\u00f3n de la propiedad y el personal<\/h2>\n<p>[\/et_pb_text][et_pb_text module_class=&#8221;pa-bullet-list-1&#8243; _builder_version=&#8221;4.18.0&#8243; _module_preset=&#8221;default&#8221; text_font_size=&#8221;18px&#8221; max_width=&#8221;65%&#8221; module_alignment=&#8221;center&#8221; global_colors_info=&#8221;{}&#8221;]<\/p>\n<ul>\n<li>Utiliza cable de fibra \u00f3ptica de telecomunicaciones comercial, un interrogador de fibra \u00f3ptica personalizado y software patentado para an\u00e1lisis de datos, detecci\u00f3n y clasificaci\u00f3n de amenazas y visualizaci\u00f3n de alertas.<\/li>\n<li>Detecta actividades geof\u00edsicas superficiales y subterr\u00e1neas (excavar, caminar, veh\u00edculos, etc.) las 24 horas del d\u00eda, los 7 d\u00edas de la semana, en todas las condiciones clim\u00e1ticas<\/li>\n<li>Utiliza una peque\u00f1a porci\u00f3n de fibras de cable dejando una gran capacidad para ancho de banda de comunicaciones de alto rendimiento<\/li>\n<li>Huella m\u00ednima de hardware sobre el suelo<\/li>\n<li>Se integra con m\u00faltiples sistemas de c\u00e1maras y otros sensores<\/li>\n<li><span style=\"font-size: 18px;\">Registra hasta 28 d\u00edas de datos\/actividad para referencia futura<\/span><\/li>\n<\/ul>\n<p>[\/et_pb_text][\/et_pb_column][\/et_pb_row][\/et_pb_section][et_pb_section fb_built=\u201d1\u2033 admin_label=\u201dSuscripci\u00f3n por correo electr\u00f3nico\u201d _builder_version=\u201d4.17.6\u2033 background_color=\u201d#146fd0\u2033 custom_margin=\u201d||-12px|||\u201d custom_padding=\u201d48px||46px|||\u201d animation_style=\u201dfold\u201d animation_direction=\u201dbottom\u201d animation_intensity_fold=\u201d4%\u201d global_colors_info=\u201d{}\u201d][et_pb_row _builder_version=\u201d4.17.6\u2033 color_fondo=\u201d#146fd0\u2033 tama\u00f1o_fondo=\u201dinicial\u201d posici\u00f3n_fondo=\u201dsuperior_izquierda\u201d repetici\u00f3n_fondo=\u201drepetir\u201d margen_personalizado=\u201d-23px|auto||auto||\u201d relleno_personalizado=\u201d19px|||||\u201d custom_width_px=\u201d710px\u201d global_colors_info=\u201d{}\u201d][et_pb_column type=\u201d4_4\u2033 _builder_version=\u201d4.16\u2033 background_position=\u201dtop_left\u201d custom_padding=\u201d|||\u201d global_colors_info=\u201d{}\u201d custom_padding__hover=\u201d|||\u201d][et_pb_divider color=\u201d#6eba01\u2033 divider_weight=\u201d3px\u201d disabled_on=\u201doff|off|off\u201d _builder_version=\u201d4.17.6\u2033 background_color_gradient_direction=\u201d90deg\u201d max_width=\u201d100px\u201d module_alignment=\u201dcenter\u201d height=\u201d5px\u201d custom_margin=\u201d||20px|\u201d custom_padding=\u201d||20px|\u201d animation_style=\u201dslide\u201d animation_direction=\u201dbottom\u201d saved_tabs=\u201dall\u201d locked=\u201doff\u201d global_colors_info=\u201d{}\u201d][\/et_pb_divider][et_pb_text admin_label=\u201dT\u00edtulo de la secci\u00f3n de solicitudes\u201d _builder_version=\u201d4.18.0\u2033 header_font=\u201dRaleway|600|||||||\u201d header_text_color=\u201d#FFFFFF\u201d header_font_size=\u201d38px\u201d text_orientation=\u201dcenter\u201d background_layout=\u201ddark\u201d max_width=\u201d710px\u201d module_alignment=\u201dcenter\u201d animation_style=\u201dfold\u201d animation_direction=\u201dbottom\u201d animation_intensity_fold=\u201d20%\u201d global_colors_info=\u201d{}\u201d]<\/p>\n<h1>La elecci\u00f3n correcta para su aplicaci\u00f3n<\/h1>\n<p>[\/et_pb_text][et_pb_text admin_label=\u201dSolicitar subt\u00edtulo de secci\u00f3n\u201d _builder_version=\u201d4.18.0\u2033 text_font_size=\u201d21px\u201d text_line_height=\u201d1.5em\u201d background_size=\u201dinitial\u201d background_position=\u201dtop_left\u201d background_repeat=\u201drepeat\u201d text_orientation=\u201dcenter\u201d background_layout=\u201ddark\u201d max_width=\u201d710px\u201d module_alignment=\u201dcenter\u201d animation_style=\u201dfold\u201d animation_direction=\u201dbottom\u201d animation_intensity_fold=\u201d20%\u201d global_colors_info=\u201d{}\u201d]<\/p>\n<p>Cont\u00e1ctenos para obtener m\u00e1s informaci\u00f3n y una evaluaci\u00f3n experta de amenazas de seguridad.<\/p>\n<p>[\/et_pb_text][et_pb_contact_form email=\u201dsupport2@smartcts.net\u201d custom_message=\u201dMi mensaje es %%mensaje%%, la empresa es %%empresa%%, el correo electr\u00f3nico es %%correo electr\u00f3nico%% y el n\u00famero de tel\u00e9fono es %%tel\u00e9fono%%. \u201d use_redirect=\u201don\u201d redirect_url=\u201dwww.smartcts.net\/thank-you\u201d submit_button_text=\u201dEnviar\u201d _builder_version=\u201d4.18.0\u2033 _module_preset=\u201ddefault\u201d _unique_id=\u201dad862aaa-77dd-4c75-b891-9d8a73159bee\u201d captcha_text_color=\u201d#FFFFFF\u201d form_field_text_align=\u201dleft\u201d custom_button=\u201don\u201d button_text_color=\u201d#FFFFFF\u201d button_bg_color=\u201d#6eba01\u2033 button_border_color=\u201d#FFFFFF\u201d button_border_radius=\u201d11px\u201d button_use_icon=\u201doff\u201d width=\u201d65%\u201d module_alignment=\u201dcenter\u201d button_bg_color_last_edited=\u201doff|desktop\u201d global_colors_info=\u201d{}\u201d color_fondo_bot\u00f3n__hover_habilitado=\u201dactivado|hover\u201d color_fondo_bot\u00f3n__hover=\u201d#192546\u2033 habilitar_color_fondo_bot\u00f3n__hover=\u201dactivado\u201d color_texto_bot\u00f3n__hover_habilitado=\u201dactivado|hover\u201d color_texto_bot\u00f3n__hover=\u201d#FFFFFF\u201d \u00e1rea_creador_tema=\u201dcontenido_publicaci\u00f3n\u201d][et_pb_contact_field field_id=\u201dNombre\u201d field_title=\u201dNombre\u201d _builder_version=\u201d4.16\u201d global_colors_info=\u201d{}\u201d button_text_size__hover_enabled=\u201doff\u201d button_one_text_size__hover_enabled=\u201doff\u201d button_two_text_size__hover_enabled=\u201doff\u201d button_text_color__hover_enabled=\u201doff\u201d button_one_text_color__hover_enabled=\u201doff\u201d color_texto_bot\u00f3n_dos__hover_habilitado=\u201ddesactivado\u201d ancho_borde_bot\u00f3n__hover_habilitado=\u201ddesactivado\u201d ancho_borde_bot\u00f3n_uno__hover_habilitado=\u201ddesactivado\u201d ancho_borde_bot\u00f3n_dos__hover_habilitado=\u201ddesactivado\u201d color_borde_bot\u00f3n__hover_habilitado=\u201ddesactivado\u201d color_del_borde_del_bot\u00f3n_uno__hover_enabled=\u201doff\u201d color_del_borde_del_bot\u00f3n_dos__hover_enabled=\u201doff\u201d radio_del_borde_del_bot\u00f3n__hover_enabled=\u201doff\u201d radio_del_borde_del_bot\u00f3n_uno__hover_enabled=\u201doff\u201d radio_del_borde_del_bot\u00f3n_dos__hover_enabled=\u201doff\u201d espaciado_entre_letras_del_bot\u00f3n__hover_enabled=\u201doff\u201d button_one_letter_spacing__hover_enabled=\u201doff\u201d button_two_letter_spacing__hover_enabled=\u201doff\u201d button_bg_color__hover_enabled=\u201doff\u201d button_one_bg_color__hover_enabled=\u201doff\u201d button_two_bg_color__hover_enabled=\u201doff\u201d theme_builder_area=\u201dpost_content\u201d][\/et_pb_contact_field][et_pb_contact_field field_id=\u201dEmpresa\u201d field_title=\u201dEmpresa\u201d required_mark=\u201doff\u201d _builder_version=\u201d4.18.0\u201d global_colors_info=\u201d{}\u201d button_text_size__hover_enabled=\u201doff\u201d button_one_text_size__hover_enabled=\u201doff\u201d button_two_text_size__hover_enabled=\u201doff\u201d button_text_color__hover_enabled=\u201doff\u201d button_one_text_color__hover_enabled=\u201doff\u201d color_texto_bot\u00f3n_dos__hover_habilitado=\u201ddesactivado\u201d ancho_borde_bot\u00f3n__hover_habilitado=\u201ddesactivado\u201d ancho_borde_bot\u00f3n_uno__hover_habilitado=\u201ddesactivado\u201d ancho_borde_bot\u00f3n_dos__hover_habilitado=\u201ddesactivado\u201d color_borde_bot\u00f3n__hover_habilitado=\u201ddesactivado\u201d color_borde_bot\u00f3n_uno__hover_habilitado=\u201ddesactivado\u201d color_borde_bot\u00f3n_dos__hover_habilitado=\u201ddesactivado\u201d radio_borde_bot\u00f3n__hover_habilitado=\u201ddesactivado\u201d radio_borde_bot\u00f3n_uno__hover_habilitado=\u201ddesactivado\u201d radio_borde_bot\u00f3n_dos__hover_habilitado=\u201ddesactivado\u201d espaciado_letras_bot\u00f3n__hover_habilitado=\u201ddesactivado\u201d espaciado_letras_bot\u00f3n_uno__hover_habilitado=\u201ddesactivado\u201d button_two_letter_spacing__hover_enabled=\u201doff\u201d button_bg_color__hover_enabled=\u201doff\u201d button_one_bg_color__hover_enabled=\u201doff\u201d button_two_bg_color__hover_enabled=\u201doff\u201d theme_builder_area=\u201dpost_content\u201d][\/et_pb_contact_field][et_pb_contact_field field_id=\u201dCorreo electr\u00f3nico\u201d field_title=\u201dDirecci\u00f3n de correo electr\u00f3nico\u201d field_type=\u201demail\u201d _builder_version=\u201d4.16\u2033 global_colors_info=\u201d{}\u201d button_text_size__hover_enabled=\u201doff\u201d button_one_text_size__hover_enabled=\u201doff\u201d button_two_text_size__hover_enabled=\u201doff\u201d button_text_color__hover_enabled=\u201doff\u201d button_one_text_color__hover_enabled=\u201doff\u201d color_texto_bot\u00f3n_dos__hover_habilitado=\u201ddesactivado\u201d ancho_borde_bot\u00f3n__hover_habilitado=\u201ddesactivado\u201d ancho_borde_bot\u00f3n_uno__hover_habilitado=\u201ddesactivado\u201d ancho_borde_bot\u00f3n_dos__hover_habilitado=\u201ddesactivado\u201d color_borde_bot\u00f3n__hover_habilitado=\u201ddesactivado\u201d color_del_borde_del_bot\u00f3n_uno__hover_enabled=\u201doff\u201d color_del_borde_del_bot\u00f3n_dos__hover_enabled=\u201doff\u201d radio_del_borde_del_bot\u00f3n__hover_enabled=\u201doff\u201d radio_del_borde_del_bot\u00f3n_uno__hover_enabled=\u201doff\u201d radio_del_borde_del_bot\u00f3n_dos__hover_enabled=\u201doff\u201d espaciado_entre_letras_del_bot\u00f3n__hover_enabled=\u201doff\u201d button_one_letter_spacing__hover_enabled=\u201doff\u201d button_two_letter_spacing__hover_enabled=\u201doff\u201d button_bg_color__hover_enabled=\u201doff\u201d button_one_bg_color__hover_enabled=\u201doff\u201d button_two_bg_color__hover_enabled=\u201doff\u201d theme_builder_area=\u201dpost_content\u201d][\/et_pb_contact_field][et_pb_contact_field field_id=\u201dTel\u00e9fono\u201d field_title=\u201dTel\u00e9fono\u201d max_length=\u201d108\u201d required_mark=\u201doff\u201d _builder_version=\u201d4.18.0\u201d _module_preset=\u201ddefault\u201d global_colors_info=\u201d{}\u201d theme_builder_area=\u201dpost_content\u201d][\/et_pb_contact_field][et_pb_contact_field field_id=\u201dMensaje\u201d field_title=\u201dMensaje\u201d field_type=\u201dtexto\u201d fullwidth_field=\u201don\u201d _builder_version=\u201d4.16\u2033 global_colors_info=\u201d{}\u201d button_text_size__hover_enabled=\u201doff\u201d button_one_text_size__hover_enabled=\u201doff\u201d button_two_text_size__hover_enabled=\u201doff\u201d button_text_color__hover_enabled=\u201doff\u201d button_one_text_color__hover_enabled=\u201doff\u201d color_texto_bot\u00f3n_dos__hover_habilitado=\u201ddesactivado\u201d ancho_borde_bot\u00f3n__hover_habilitado=\u201ddesactivado\u201d ancho_borde_bot\u00f3n_uno__hover_habilitado=\u201ddesactivado\u201d ancho_borde_bot\u00f3n_dos__hover_habilitado=\u201ddesactivado\u201d color_borde_bot\u00f3n__hover_habilitado=\u201ddesactivado\u201d color_borde_bot\u00f3n_uno__hover_habilitado=\u201ddesactivado\u201d color_del_borde_del_bot\u00f3n_dos__hover_enabled=\u201doff\u201d radio_del_borde_del_bot\u00f3n__hover_enabled=\u201doff\u201d radio_del_borde_del_bot\u00f3n_uno__hover_enabled=\u201doff\u201d radio_del_borde_del_bot\u00f3n_dos__hover_enabled=\u201doff\u201d espaciado_entre_letras_del_bot\u00f3n__hover_enabled=\u201doff\u201d button_one_letter_spacing__hover_enabled=\u201doff\u201d button_two_letter_spacing__hover_enabled=\u201doff\u201d button_bg_color__hover_enabled=\u201doff\u201d button_one_bg_color__hover_enabled=\u201doff\u201d button_two_bg_color__hover_enabled=\u201doff\u201d theme_builder_area=\u201dpost_content\u201d][\/et_pb_contact_field][\/et_pb_contact_form][\/et_pb_column][\/et_pb_row][\/et_pb_section]<\/p>","protected":false},"excerpt":{"rendered":"<p>Perimeter Protection SystemPerimeter Security with Proven ResultsOur Smart CT Perimeter Security System uses buried \ufb01ber optic cable to create a sensor array that encompasses the facility. This provides real-time identi\ufb01cation of surface and subsurface geophysical phenomenon to enable speci\ufb01c threat-based responses. Each system provides up to 40 kilometers of continuous, all weather monitoring along designated [&hellip;]<\/p>","protected":false},"author":1,"featured_media":0,"parent":0,"menu_order":0,"comment_status":"closed","ping_status":"closed","template":"","meta":{"_et_pb_use_builder":"on","_et_pb_old_content":"<!-- wp:divi\/placeholder \/-->","_et_gb_content_width":"","footnotes":""},"class_list":["post-430","page","type-page","status-publish","hentry"],"aioseo_notices":[],"_links":{"self":[{"href":"https:\/\/smartcts.net\/es\/wp-json\/wp\/v2\/pages\/430","targetHints":{"allow":["GET"]}}],"collection":[{"href":"https:\/\/smartcts.net\/es\/wp-json\/wp\/v2\/pages"}],"about":[{"href":"https:\/\/smartcts.net\/es\/wp-json\/wp\/v2\/types\/page"}],"author":[{"embeddable":true,"href":"https:\/\/smartcts.net\/es\/wp-json\/wp\/v2\/users\/1"}],"replies":[{"embeddable":true,"href":"https:\/\/smartcts.net\/es\/wp-json\/wp\/v2\/comments?post=430"}],"version-history":[{"count":21,"href":"https:\/\/smartcts.net\/es\/wp-json\/wp\/v2\/pages\/430\/revisions"}],"predecessor-version":[{"id":1206,"href":"https:\/\/smartcts.net\/es\/wp-json\/wp\/v2\/pages\/430\/revisions\/1206"}],"wp:attachment":[{"href":"https:\/\/smartcts.net\/es\/wp-json\/wp\/v2\/media?parent=430"}],"curies":[{"name":"wp","href":"https:\/\/api.w.org\/{rel}","templated":true}]}}