{"id":59,"date":"2022-07-23T14:33:24","date_gmt":"2022-07-23T14:33:24","guid":{"rendered":"http:\/\/smartcts.net\/?page_id=59"},"modified":"2026-01-02T14:37:15","modified_gmt":"2026-01-02T14:37:15","slug":"acerca-de","status":"publish","type":"page","link":"https:\/\/smartcts.net\/es\/acerca-de\/","title":{"rendered":"Nosotros"},"content":{"rendered":"<p>[et_pb_section fb_built=&#8221;1&#8243; _builder_version=&#8221;4.17.6&#8243; _module_preset=&#8221;default&#8221; custom_padding=&#8221;0px|||||&#8221; global_colors_info=&#8221;{}&#8221;][et_pb_row _builder_version=&#8221;4.18.0&#8243; _module_preset=&#8221;default&#8221; background_color=&#8221;#192546&#8243; background_image=&#8221;https:\/\/smartcts.net\/wp-content\/uploads\/2022\/10\/65816460681__BB01C842-8CF4-483F-A7B8-D1E66647D000-scaled.jpg&#8221; background_blend=&#8221;overlay&#8221; width=&#8221;100%&#8221; max_width=&#8221;1920px&#8221; height=&#8221;400px&#8221; filter_saturate=&#8221;200%&#8221; filter_brightness=&#8221;200%&#8221; global_colors_info=&#8221;{}&#8221;][et_pb_column type=&#8221;4_4&#8243; _builder_version=&#8221;4.17.6&#8243; _module_preset=&#8221;default&#8221; global_colors_info=&#8221;{}&#8221;][et_pb_text _builder_version=&#8221;4.17.6&#8243; _module_preset=&#8221;default&#8221; header_2_font=&#8221;Raleway|600|||||||&#8221; header_2_text_align=&#8221;center&#8221; header_2_text_color=&#8221;#FFFFFF&#8221; header_2_font_size=&#8221;60px&#8221; background_color=&#8221;RGBA(255,255,255,0)&#8221; custom_padding=&#8221;100px||||false|false&#8221; global_colors_info=&#8221;{}&#8221;]<\/p>\n<h2>Acerca de Smart CT Solutions<\/h2>\n<p>[\/et_pb_text][\/et_pb_column][\/et_pb_row][\/et_pb_section][et_pb_section fb_built=&#8221;1&#8243; admin_label=&#8221;Services&#8221; _builder_version=&#8221;4.16&#8243; custom_padding=&#8221;0px||2px|||&#8221; locked=&#8221;off&#8221; global_colors_info=&#8221;{}&#8221;][et_pb_row _builder_version=&#8221;4.16&#8243; background_size=&#8221;initial&#8221; background_position=&#8221;top_left&#8221; background_repeat=&#8221;repeat&#8221; custom_width_px=&#8221;710px&#8221; global_colors_info=&#8221;{}&#8221;][et_pb_column type=&#8221;4_4&#8243; _builder_version=&#8221;4.16&#8243; background_position=&#8221;top_left&#8221; custom_padding=&#8221;|||&#8221; global_colors_info=&#8221;{}&#8221; custom_padding__hover=&#8221;|||&#8221;][et_pb_divider color=&#8221;#6eba01&#8243; divider_weight=&#8221;3px&#8221; disabled_on=&#8221;off|off|off&#8221; _builder_version=&#8221;4.17.6&#8243; background_color_gradient_direction=&#8221;90deg&#8221; max_width=&#8221;100px&#8221; module_alignment=&#8221;center&#8221; height=&#8221;5px&#8221; custom_margin=&#8221;||20px||false|false&#8221; custom_padding=&#8221;||20px|&#8221; animation_style=&#8221;slide&#8221; animation_direction=&#8221;bottom&#8221; saved_tabs=&#8221;all&#8221; locked=&#8221;off&#8221; global_colors_info=&#8221;{}&#8221;][\/et_pb_divider][et_pb_text admin_label=&#8221;Services Section Title&#8221; _builder_version=&#8221;4.17.6&#8243; header_font=&#8221;Montserrat||||&#8221; header_text_color=&#8221;#1f1f1f&#8221; header_font_size=&#8221;36px&#8221; header_2_font=&#8221;Raleway|600|||||||&#8221; header_2_text_color=&#8221;#192546&#8243; header_2_font_size=&#8221;36px&#8221; text_orientation=&#8221;center&#8221; max_width=&#8221;710px&#8221; module_alignment=&#8221;center&#8221; animation_style=&#8221;fold&#8221; animation_direction=&#8221;bottom&#8221; animation_intensity_fold=&#8221;20%&#8221; global_colors_info=&#8221;{}&#8221;]<\/p>\n<h2>Nuestra empresa<\/h2>\n<p>[\/et_pb_text][et_pb_text admin_label=&#8221;Services Section Subtitle&#8221; _builder_version=&#8221;4.27.5&#8243; text_text_color=&#8221;#000000&#8243; text_font_size=&#8221;18px&#8221; text_line_height=&#8221;1.4em&#8221; background_size=&#8221;initial&#8221; background_position=&#8221;top_left&#8221; background_repeat=&#8221;repeat&#8221; max_width=&#8221;710px&#8221; module_alignment=&#8221;center&#8221; custom_padding=&#8221;7px|||||&#8221; animation_style=&#8221;fold&#8221; animation_direction=&#8221;bottom&#8221; animation_intensity_fold=&#8221;20%&#8221; global_colors_info=&#8221;{}&#8221;]<\/p>\n<p><strong>Nuestra fundaci\u00f3n<\/strong><br \/>Smart CT Solutions se basa en m\u00e1s de una d\u00e9cada de experiencia en infraestructura de vigilancia y seguridad de alto rendimiento. Nuestra base se fundamenta en una larga trayectoria de innovaci\u00f3n t\u00e9cnica, lo que garantiza que ofrecemos una protecci\u00f3n confiable y de primer nivel para diversos sectores, desde la salud hasta el gobierno.<\/p>\n<p><strong>Nuestro prop\u00f3sito...<\/strong><br \/>Crear entornos m\u00e1s seguros con sistemas de detecci\u00f3n de amenazas ocultas, que proporcionen una protecci\u00f3n mejorada y no intrusiva contra las amenazas con armas.<\/p>\n<p><strong>Nuestra visi\u00f3n...<br \/><\/strong>Ser el proveedor de confianza de protecci\u00f3n digital integrada en sus instalaciones, sin interrupciones. Ayudamos a nuestros clientes a adoptar tecnolog\u00edas innovadoras que bloquean las amenazas de manera eficaz sin interrumpir las operaciones.<\/p>\n<p>[\/et_pb_text][\/et_pb_column][\/et_pb_row][et_pb_row _builder_version=\u201d4.16\u2033 background_size=\u201dinitial\u201d background_position=\u201dtop_left\u201d background_repeat=\u201drepeat\u201d custom_width_px=\u201d710px\u201d global_colors_info=\u201d{}\u201d][et_pb_column type=\u201d4_4\u2033 _builder_version=\u201d4.16\u2033 background_position=\u201dtop_left\u201d custom_padding=\u201d|||\u201d global_colors_info=\u201d{}\u201d custom_padding__hover=\u201d|||\u201d][et_pb_divider color=\u201d#6eba01\u2033 divider_weight=\u201d3px\u201d disabled_on=\u201doff|off|off\u201d _builder_version=\u201d4.17.6\u2033 background_color_gradient_direction=\u201d90deg\u201d max_width=\u201d100px\u201d module_alignment=\u201dcenter\u201d height=\u201d5px\u201d custom_margin=\u201d||20px||false|false\u201d custom_padding=\u201d||20px|\u201d animation_style=\u201dslide\u201d animation_direction=\u201dbottom\u201d saved_tabs=\u201dall\u201d locked=\u201doff\u201d global_colors_info=\u201d{}\u201d][\/et_pb_divider][et_pb_text admin_label=\u201dServices Section Title\u201d _builder_version=\u201d4.27.5\u2033 header_font=\u201dMontserrat||||\u201d header_text_color=\u201d#1f1f1f\u201d header_font_size=\u201d36px\u201d header_2_font=\u201dRaleway|600|||||||\u201d header_2_text_color=\u201d#192546\u2033 header_2_font_size=\u201d36px\u201d text_orientation=\u201dcenter\u201d max_width=\u201d710px\u201d module_alignment=\u201dcenter\u201d animation_style=\u201dfold\u201d animation_direction=\u201dbottom\u201d animation_intensity_fold=\u201d20%\u201d global_colors_info=\u201d{}\u201d]<\/p>\n<h2>Nuestra tecnolog\u00eda: detecci\u00f3n inteligente<\/h2>\n<p>[\/et_pb_text][et_pb_text admin_label=&#8221;Services Section Subtitle&#8221; _builder_version=&#8221;4.27.5&#8243; text_text_color=&#8221;#000000&#8243; text_font_size=&#8221;18px&#8221; text_line_height=&#8221;1.4em&#8221; background_size=&#8221;initial&#8221; background_position=&#8221;top_left&#8221; background_repeat=&#8221;repeat&#8221; max_width=&#8221;710px&#8221; module_alignment=&#8221;center&#8221; animation_style=&#8221;fold&#8221; animation_direction=&#8221;bottom&#8221; animation_intensity_fold=&#8221;20%&#8221; global_colors_info=&#8221;{}&#8221;]<\/p>\n<p>Nuestro sistema identifica amenazas mediante el reconocimiento de las firmas de movimiento \u00fanicas de los objetos met\u00e1licos. Los sensores y c\u00e1maras integrados funcionan conjuntamente para detectar posibles amenazas, al tiempo que ignoran autom\u00e1ticamente objetos comunes como llaves, computadoras port\u00e1tiles y tel\u00e9fonos.<\/p>\n<p>En esencia, la tecnolog\u00eda utiliza algoritmos de aprendizaje autom\u00e1tico e inteligencia artificial (IA) para entrenarse continuamente y mejorar su rendimiento.<\/p>\n<p>[\/et_pb_text][\/et_pb_column][\/et_pb_row][et_pb_row _builder_version=\u201d4.16\u2033 background_size=\u201dinitial\u201d background_position=\u201dtop_left\u201d background_repeat=\u201drepeat\u201d custom_width_px=\u201d710px\u201d global_colors_info=\u201d{}\u201d][et_pb_column type=\u201d4_4\u2033 _builder_version=\u201d4.16\u2033 background_position=\u201dtop_left\u201d custom_padding=\u201d|||\u201d global_colors_info=\u201d{}\u201d custom_padding__hover=\u201d|||\u201d][et_pb_divider color=\u201d#6eba01\u2033 divider_weight=\u201d3px\u201d disabled_on=\u201doff|off|off\u201d _builder_version=\u201d4.17.6\u2033 background_color_gradient_direction=\u201d90deg\u201d max_width=\u201d100px\u201d module_alignment=\u201dcenter\u201d height=\u201d5px\u201d custom_margin=\u201d||20px||false|false\u201d custom_padding=\u201d||20px|\u201d animation_style=\u201dslide\u201d animation_direction=\u201dbottom\u201d saved_tabs=\u201dall\u201d locked=\u201doff\u201d global_colors_info=\u201d{}\u201d][\/et_pb_divider][et_pb_text admin_label=\u201dServices Section Title\u201d _builder_version=\u201d4.27.5\u2033 header_font=\u201dMontserrat||||\u201d header_text_color=\u201d#1f1f1f\u201d header_font_size=\u201d36px\u201d header_2_font=\u201dRaleway|600|||||||\u201d header_2_text_color=\u201d#192546\u2033 header_2_font_size=\u201d36px\u201d text_orientation=\u201dcenter\u201d max_width=\u201d710px\u201d module_alignment=\u201dcenter\u201d animation_style=\u201dfold\u201d animation_direction=\u201dbottom\u201d animation_intensity_fold=\u201d20%\u201d global_colors_info=\u201d{}\u201d]<\/p>\n<h2>Nuestra plataforma: mayor concienciaci\u00f3n y r\u00e1pida implementaci\u00f3n<\/h2>\n<p>[\/et_pb_text][et_pb_text admin_label=&#8221;Services Section Subtitle&#8221; module_id=&#8221;cssClass li&#8221; module_class=&#8221;pa-bullet-list-1&#8243; _builder_version=&#8221;4.27.5&#8243; text_text_color=&#8221;#000000&#8243; text_font_size=&#8221;18px&#8221; text_line_height=&#8221;1.4em&#8221; header_5_line_height=&#8221;1.2em&#8221; header_6_font=&#8221;Elegant Font Icons||||||||&#8221; header_6_text_align=&#8221;left&#8221; header_6_line_height=&#8221;0.5em&#8221; background_size=&#8221;initial&#8221; background_position=&#8221;top_left&#8221; background_repeat=&#8221;repeat&#8221; max_width=&#8221;710px&#8221; module_alignment=&#8221;center&#8221; animation_style=&#8221;fold&#8221; animation_direction=&#8221;bottom&#8221; animation_intensity_fold=&#8221;20%&#8221; global_colors_info=&#8221;{}&#8221;]<\/p>\n<p>Nuestra plataforma unificada proporciona un panel de control \u00fanico y robusto para supervisar y gestionar la seguridad. Informa r\u00e1pidamente de los detalles de los incidentes y del estado de los recursos, lo que mejora el conocimiento de la situaci\u00f3n en todas sus instalaciones.<\/p>\n<p>[\/et_pb_text][et_pb_text module_class=&#8221;pa-bullet-list-1&#8243; _builder_version=&#8221;4.27.5&#8243; _module_preset=&#8221;default&#8221; text_text_color=&#8221;#000000&#8243; text_font_size=&#8221;16px&#8221; ul_text_align=&#8221;left&#8221; max_width=&#8221;710px&#8221; module_alignment=&#8221;center&#8221; global_colors_info=&#8221;{}&#8221;]<\/p>\n<ul>\n<li><strong>Respuesta inteligente<\/strong>: Orienta la adopci\u00f3n de medidas r\u00e1pidas y fundamentadas durante acontecimientos din\u00e1micos.<\/li>\n<li><strong>Integraci\u00f3n perfecta<\/strong>: Se integra con diversos productos y sistemas de m\u00faltiples proveedores existentes.<\/li>\n<li><strong>Comunicaci\u00f3n en tiempo real<\/strong>: Permite la comunicaci\u00f3n entre el personal in situ y los servicios de emergencia.<\/li>\n<li><strong>Fiabilidad probada<\/strong>: De confianza y utilizado en diversos sectores (universidades, casinos, complejos de oficinas, sanidad, museos).<\/li>\n<\/ul>\n<p>[\/et_pb_text][\/et_pb_column][\/et_pb_row][\/et_pb_section][et_pb_section fb_built=&#8221;1&#8243; admin_label=&#8221;Our Team&#8221; _builder_version=&#8221;4.17.6&#8243; background_color=&#8221;#d6d6d6&#8243; custom_padding=&#8221;4px||27px|||&#8221; global_colors_info=&#8221;{}&#8221;][et_pb_row _builder_version=&#8221;4.16&#8243; background_size=&#8221;initial&#8221; background_position=&#8221;top_left&#8221; background_repeat=&#8221;repeat&#8221; custom_width_px=&#8221;710px&#8221; locked=&#8221;off&#8221; global_colors_info=&#8221;{}&#8221;][et_pb_column type=&#8221;4_4&#8243; _builder_version=&#8221;4.16&#8243; background_position=&#8221;top_left&#8221; custom_padding=&#8221;|||&#8221; global_colors_info=&#8221;{}&#8221; custom_padding__hover=&#8221;|||&#8221;][et_pb_divider color=&#8221;#6eba01&#8243; divider_weight=&#8221;3px&#8221; disabled_on=&#8221;off|off|off&#8221; _builder_version=&#8221;4.17.6&#8243; background_color_gradient_direction=&#8221;90deg&#8221; max_width=&#8221;100px&#8221; module_alignment=&#8221;center&#8221; height=&#8221;5px&#8221; custom_margin=&#8221;||20px||false|false&#8221; custom_padding=&#8221;||20px|&#8221; animation_style=&#8221;slide&#8221; animation_direction=&#8221;bottom&#8221; saved_tabs=&#8221;all&#8221; locked=&#8221;off&#8221; global_colors_info=&#8221;{}&#8221;][\/et_pb_divider][et_pb_text admin_label=&#8221;Services Section Title&#8221; _builder_version=&#8221;4.17.6&#8243; header_font=&#8221;Montserrat||||&#8221; header_text_color=&#8221;#1f1f1f&#8221; header_font_size=&#8221;36px&#8221; header_2_font=&#8221;Raleway|600|||||||&#8221; header_2_text_color=&#8221;#192546&#8243; header_2_font_size=&#8221;36px&#8221; text_orientation=&#8221;center&#8221; max_width=&#8221;710px&#8221; module_alignment=&#8221;center&#8221; animation_style=&#8221;fold&#8221; animation_direction=&#8221;bottom&#8221; animation_intensity_fold=&#8221;20%&#8221; global_colors_info=&#8221;{}&#8221;]<\/p>\n<h2>Nuestro liderazgo<\/h2>\n<p>[\/et_pb_text][et_pb_text _builder_version=&#8221;4.27.5&#8243; _module_preset=&#8221;default&#8221; text_text_color=&#8221;#000000&#8243; text_font_size=&#8221;18px&#8221; text_line_height=&#8221;1.5em&#8221; text_line_height_tablet=&#8221;1.5em&#8221; text_line_height_phone=&#8221;1.5em&#8221; text_line_height_last_edited=&#8221;on|phone&#8221; global_colors_info=&#8221;{}&#8221;]<\/p>\n<p>Nuestro equipo directivo cuenta con d\u00e9cadas de experiencia combinada en el \u00e1mbito empresarial y t\u00e9cnico. Nos dedicamos a crear entornos libres de armas, al tiempo que impulsamos la innovaci\u00f3n y mejoramos la seguridad y la protecci\u00f3n a nivel mundial.<\/p>\n<p>&nbsp;<\/p>\n<p>[\/et_pb_text][\/et_pb_column][\/et_pb_row][et_pb_row _builder_version=&#8221;4.23.1&#8243; _module_preset=&#8221;default&#8221; global_colors_info=&#8221;{}&#8221;][et_pb_column type=&#8221;4_4&#8243; _builder_version=&#8221;4.23.1&#8243; _module_preset=&#8221;default&#8221; global_colors_info=&#8221;{}&#8221;][et_pb_divider color=&#8221;#000000&#8243; divider_weight=&#8221;2px&#8221; _builder_version=&#8221;4.23.1&#8243; _module_preset=&#8221;default&#8221; global_colors_info=&#8221;{}&#8221;][\/et_pb_divider][\/et_pb_column][\/et_pb_row][et_pb_row column_structure=&#8221;1_2,1_2&#8243; _builder_version=&#8221;4.27.5&#8243; _module_preset=&#8221;default&#8221; global_colors_info=&#8221;{}&#8221;][et_pb_column type=&#8221;1_2&#8243; _builder_version=&#8221;4.27.5&#8243; _module_preset=&#8221;default&#8221; global_colors_info=&#8221;{}&#8221;][et_pb_text _builder_version=&#8221;4.27.5&#8243; _module_preset=&#8221;default&#8221; custom_padding=&#8221;||0px|200px|false|false&#8221; global_colors_info=&#8221;{}&#8221;]<\/p>\n<h3><strong>\u00c1ngel Hern\u00e1ndez<\/strong><\/h3>\n<p><span style=\"color: #000000;\">Director general<\/span><br \/><a href=\"mailto:ahernandez@smartcts.net\"><span style=\"text-decoration: underline;\"><span style=\"color: #333399; text-decoration: underline;\">ahernandez@smartcts.net<\/span><\/span><\/a><\/p>\n<p>[\/et_pb_text][\/et_pb_column][et_pb_column type=&#8221;1_2&#8243; _builder_version=&#8221;4.27.5&#8243; _module_preset=&#8221;default&#8221; global_colors_info=&#8221;{}&#8221;][et_pb_text _builder_version=&#8221;4.27.5&#8243; _module_preset=&#8221;default&#8221; custom_padding=&#8221;||0px|||&#8221; global_colors_info=&#8221;{}&#8221;]<\/p>\n<h3><strong>Craig Robinson<\/strong><\/h3>\n<p><span style=\"color: #000000;\">Director de Operaciones<\/span><br \/><a href=\"mailto:crobinson@smartcts.net\"><span style=\"text-decoration: underline;\"><span style=\"color: #333399; text-decoration: underline;\">crobinson@smartcts.net<\/span><\/span><\/a><\/p>\n<p>[\/et_pb_text][\/et_pb_column][\/et_pb_row][et_pb_row column_structure=&#8221;1_3,1_3,1_3&#8243; _builder_version=&#8221;4.23.1&#8243; _module_preset=&#8221;default&#8221; global_colors_info=&#8221;{}&#8221;][et_pb_column type=&#8221;1_3&#8243; _builder_version=&#8221;4.23.1&#8243; _module_preset=&#8221;default&#8221; global_colors_info=&#8221;{}&#8221;][et_pb_text _builder_version=&#8221;4.23.1&#8243; _module_preset=&#8221;default&#8221; text_text_color=&#8221;#000000&#8243; text_font_size=&#8221;16px&#8221; header_3_font=&#8221;|600|||||||&#8221; header_3_text_color=&#8221;#546fd0&#8243; global_colors_info=&#8221;{}&#8221;]<\/p>\n<h3><span style=\"color: #000000;\"><strong>Juan Cubides<\/strong><\/span><\/h3>\n<p><span style=\"color: #000000;\">Jefe de Tecnolog\u00eda<\/span><br \/><a href=\"mailto:jcubides@smartcts.net\"><span style=\"text-decoration: underline;\"><span style=\"color: #333399; text-decoration: underline;\">jcubides@smartcts.net<\/span><\/span><\/a><\/p>\n<p>&nbsp;<\/p>\n<p>[\/et_pb_text][\/et_pb_column][et_pb_column type=&#8221;1_3&#8243; _builder_version=&#8221;4.23.1&#8243; _module_preset=&#8221;default&#8221; global_colors_info=&#8221;{}&#8221;][et_pb_text _builder_version=&#8221;4.27.5&#8243; _module_preset=&#8221;default&#8221; custom_padding=&#8221;||0px|||&#8221; global_colors_info=&#8221;{}&#8221;]<\/p>\n<h3><strong>Richard Hahn<\/strong><\/h3>\n<p><span style=\"color: #000000;\">Director de Mercado<\/span><br \/><a href=\"mailto:rhahn@smartcts.net\"><span style=\"text-decoration: underline;\"><span style=\"color: #333399; text-decoration: underline;\">rhahn@smartcts.net<\/span><\/span><\/a><\/p>\n<p>[\/et_pb_text][\/et_pb_column][et_pb_column type=&#8221;1_3&#8243; _builder_version=&#8221;4.23.1&#8243; _module_preset=&#8221;default&#8221; global_colors_info=&#8221;{}&#8221;][et_pb_text _builder_version=&#8221;4.23.1&#8243; _module_preset=&#8221;default&#8221; global_colors_info=&#8221;{}&#8221;]<\/p>\n<h3><strong>Lu\u00eds Rodr\u00edguez<\/strong><\/h3>\n<p><span style=\"color: #000000;\">Gerente de Finanzas<\/span><br \/><a href=\"mailto:rhahn@smartcts.net\"><span style=\"text-decoration: underline;\"><span style=\"color: #333399; text-decoration: underline;\">lrodriguez@smartcts.net<\/span><\/span><\/a><\/p>\n<p>[\/et_pb_text][\/et_pb_column][\/et_pb_row][\/et_pb_section][et_pb_section fb_built=&#8221;1&#8243; _builder_version=&#8221;4.18.0&#8243; _module_preset=&#8221;default&#8221; custom_padding=&#8221;||17px|||&#8221; global_colors_info=&#8221;{}&#8221;][et_pb_row _builder_version=&#8221;4.18.0&#8243; _module_preset=&#8221;default&#8221; custom_margin=&#8221;-26px|auto||auto||&#8221; global_colors_info=&#8221;{}&#8221;][et_pb_column type=&#8221;4_4&#8243; _builder_version=&#8221;4.18.0&#8243; _module_preset=&#8221;default&#8221; global_colors_info=&#8221;{}&#8221;][et_pb_button button_url=&#8221;https:\/\/smartcts.net\/wp-content\/uploads\/2026\/01\/Weapon-Detection-flyer-English.pdf&#8221; url_new_window=&#8221;on&#8221; button_text=&#8221;Download Our Weapon Detection Brochure&#8221; button_alignment=&#8221;center&#8221; _builder_version=&#8221;4.27.5&#8243; _module_preset=&#8221;default&#8221; custom_button=&#8221;on&#8221; button_text_color=&#8221;#FFFFFF&#8221; button_bg_color=&#8221;#546fd0&#8243; button_border_radius=&#8221;11px&#8221; button_icon=&#8221;&#xe092;||divi||400&#8243; button_on_hover=&#8221;off&#8221; hover_enabled=&#8221;0&#8243; global_colors_info=&#8221;{}&#8221; button_bg_color__hover_enabled=&#8221;on|hover&#8221; button_bg_color__hover=&#8221;#6EBA01&#8243; button_bg_enable_color__hover=&#8221;on&#8221; sticky_enabled=&#8221;0&#8243;][\/et_pb_button][\/et_pb_column][\/et_pb_row][\/et_pb_section]<\/p>","protected":false},"excerpt":{"rendered":"<link","protected":false},"author":1,"featured_media":0,"parent":0,"menu_order":0,"comment_status":"closed","ping_status":"closed","template":"","meta":{"_et_pb_use_builder":"on","_et_pb_old_content":"","_et_gb_content_width":"","footnotes":""},"class_list":["post-59","page","type-page","status-publish","hentry"],"aioseo_notices":[],"_links":{"self":[{"href":"https:\/\/smartcts.net\/es\/wp-json\/wp\/v2\/pages\/59","targetHints":{"allow":["GET"]}}],"collection":[{"href":"https:\/\/smartcts.net\/es\/wp-json\/wp\/v2\/pages"}],"about":[{"href":"https:\/\/smartcts.net\/es\/wp-json\/wp\/v2\/types\/page"}],"author":[{"embeddable":true,"href":"https:\/\/smartcts.net\/es\/wp-json\/wp\/v2\/users\/1"}],"replies":[{"embeddable":true,"href":"https:\/\/smartcts.net\/es\/wp-json\/wp\/v2\/comments?post=59"}],"version-history":[{"count":63,"href":"https:\/\/smartcts.net\/es\/wp-json\/wp\/v2\/pages\/59\/revisions"}],"predecessor-version":[{"id":1499,"href":"https:\/\/smartcts.net\/es\/wp-json\/wp\/v2\/pages\/59\/revisions\/1499"}],"wp:attachment":[{"href":"https:\/\/smartcts.net\/es\/wp-json\/wp\/v2\/media?parent=59"}],"curies":[{"name":"wp","href":"https:\/\/api.w.org\/{rel}","templated":true}]}}