{"id":428,"date":"2022-10-01T16:46:34","date_gmt":"2022-10-01T16:46:34","guid":{"rendered":"http:\/\/smartcts.net\/?page_id=428"},"modified":"2022-10-24T18:55:33","modified_gmt":"2022-10-24T18:55:33","slug":"rastreamento-de-suspeitos","status":"publish","type":"page","link":"https:\/\/smartcts.net\/pt\/rastreamento-de-suspeitos\/","title":{"rendered":"Rastreamento de suspeitos"},"content":{"rendered":"<p>[et_pb_section fb_built=\u201d1\u2033 _builder_version=\u201d4.17.6\u2033 _module_preset=\u201ddefault\u201d custom_padding=\u201d0px|||||\u201d global_colors_info=\u201d{}\u201d][et_pb_row _builder_version=\u201d4.18.0\u2033 _module_preset=\u201ddefault\u201d background_color=\u201d#192546\u2033 background_image=\u201dhttp:\/\/smartcts.net\/wp-content\/uploads\/2022\/10\/suspect-crowd.jpg\u201d background_blend=\u201doverlay\u201d width=\u201d100%\u201d max_width=\u201d1920px\u201d height=\u201d400px\u201d filter_saturate=\u201d200%\u201d filter_brightness=\u201d200%\u201d global_colors_info=\u201d{}\u201d][et_pb_column type=\u201d4_4\u2033 _builder_version=\u201d4.17.6\u2033 _module_preset=\u201ddefault\u201d global_colors_info=\u201d{}\u201d][et_pb_text _builder_version=\u201d4.17.6\u2033 _module_preset=\u201ddefault\u201d header_2_font=\u201dRaleway|600|||||||\u201d header_2_text_align=\u201dcenter\u201d header_2_text_color=\u201d#FFFFFF\u201d header_2_font_size=\u201d60px\u201d background_color=\u201dRGBA(255,255,255,0)\u201d custom_padding=\u201d100px||||false|false\u201d global_colors_info=\u201d{}\u201d]<\/p>\n<h2>Sistema de Rastreamento de Suspeitos<\/h2>\n<p>[\/et_pb_text][\/et_pb_column][\/et_pb_row][\/et_pb_section][et_pb_section fb_built=\u201d1\u2033 admin_label=\u201dServi\u00e7os\u201d _builder_version=\u201d4.16\u2033 custom_padding=\u201d0px||2px||||\u201d locked=\u201doff\u201d global_colors_info=\u201d{}\u201d][et_pb_row _builder_version=\u201d4.16\u2033 background_size=\u201dinitial\u201d background_position=\u201dtop_left\u201d background_repeat=\u201drepeat\u201d custom_width_px=\u201d710px\u201d global_colors_info=\u201d{}\u201d][et_pb_column type=\u201d4_4\u2033 _builder_version=\u201d4.16\u2033 background_position=\u201dtop_left\u201d custom_padding=\u201d|||\u201d global_colors_info=\u201d{}\u201d custom_padding__hover=\u201d|||\u201d][et_pb_divider color=\u201d#6eba01\u2033 divider_weight=\u201d3px\u201d disabled_on=\u201doff|off|off\u201d _builder_version=\u201d4.17.6\u2033 background_color_gradient_direction=\u201d90deg\u201d max_width=\u201d100px\u201d module_alignment=\u201dcenter\u201d height=\u201d5px\u201d custom_margin=\u201d||20px|||false|false\u201d custom_padding=\u201d||20px|\u201d animation_style=\u201dslide\u201d animation_direction=\u201dbottom\u201d saved_tabs=\u201dall\u201d locked=\u201doff\u201d global_colors_info=\u201d{}\u201d][\/et_pb_divider][et_pb_text admin_label=\u201dT\u00edtulo da se\u00e7\u00e3o de servi\u00e7os\u201d _builder_version=\u201d4.18.0\u2033 header_font=\u201dMontserrat||||\u201d header_text_color=\u201d#1f1f1f\u201d header_font_size=\u201d36px\u201d header_2_font=\u201dRaleway|600|||||||\u201d header_2_text_color=\u201d#192546\u2033 header_2_font_size=\u201d36px\u201d text_orientation=\u201dcenter\u201d max_width=\u201d710px\u201d module_alignment=\u201dcenter\u201d animation_style=\u201dfold\u201d animation_direction=\u201dbottom\u201d animation_intensity_fold=\u201d20%\u201d global_colors_info=\u201d{}\u201d]<\/p>\n<h2>Rastreamento em tempo real de suspeitos<\/h2>\n<p>[\/et_pb_text][et_pb_text admin_label=\u201dSubt\u00edtulo da se\u00e7\u00e3o de servi\u00e7os\u201d _builder_version=\u201d4.18.0\u2033 text_text_color=\u201d#000000\u2033 text_font_size=\u201d18px\u201d text_line_height=\u201d1.4em\u201d background_size=\u201dinitial\u201d background_position=\u201dtop_left\u201d background_repeat=\u201drepeat\u201d max_width=\u201d710px\u201d module_alignment=\u201dcenter\u201d custom_padding=\u201d||100px||||\u201d animation_style=\u201dfold\u201d animation_direction=\u201dbottom\u201d animation_intensity_fold=\u201d20%\u201d global_colors_info=\u201d{}\u201d]<\/p>\n<p>Nosso Sistema de Rastreamento de Suspeitos localiza e segue suspeitos identificados pelo nosso Sistema de Detec\u00e7\u00e3o de Armas. Pela integra\u00e7\u00e3o com c\u00e2meras em toda a instala\u00e7\u00e3o e utilizando algoritmos de aprendizado de m\u00e1quina de \u00faltima gera\u00e7\u00e3o, os suspeitos podem ser identificados por an\u00e1lise comportamental e, em seguida, interceptados para uma inspe\u00e7\u00e3o secund\u00e1ria.<\/p>\n<p>[\/et_pb_text][\/et_pb_column][\/et_pb_row][et_pb_row column_structure=\u201d1_3,1_3,1_3\u2033 _builder_version=\u201d4.16\u2033 background_size=\u201dinitial\u201d background_position=\u201dtop_left\u201d background_repeat=\u201drepeat\u201d custom_padding=\u201d0px|||||\u201d global_colors_info=\u201d{}\u201d][et_pb_column type=\u201d1_3\u2033 _builder_version=\u201d4.16\u2033 background_position=\u201dtop_left\u201d custom_padding=\u201d|||\u201d global_colors_info=\u201d{}\u201d custom_padding__hover=\u201d|||\u201d][et_pb_blurb title=\u201dDetectar\u201d url=\u201d#\u201d use_icon=\u201don\u201d font_icon=\u201d\uf06e||fa||900\u2033 icon_color=\u201d#146fd0\u2033 image_icon_width=\u201d60px\u201d admin_label=\u201dService 01\u2033 _builder_version=\u201d4.18.0\u2033 header_font=\u201dRaleway|600|||||||\u201d header_text_color=\u201d#192546\u2033 header_font_size=\u201d24px\u201d header_line_height=\u201d1.8em\u201d body_text_color=\u201d#000000\u2033 body_font_size=\u201d16px\u201d body_line_height=\u201d1.9em\u201d background_size=\u201dinitial\u201d background_position=\u201dtop_left\u201d background_repeat=\u201drepeat\u201d text_orientation=\u201dcenter\u201d animation_style=\u201dfold\u201d animation_direction=\u201dbottom\u201d animation_intensity_fold=\u201d30%\u201d icon_font_size=\u201d60px\u201d global_colors_info=\u201d{}\u201d]<\/p>\n<p>Detecta automaticamente assinaturas de armas antes que elas entrem<\/p>\n<p>[\/et_pb_blurb][\/et_pb_column][et_pb_column type=\u201d1_3\u2033 _builder_version=\u201d4.16\u2033 background_position=\u201dtop_left\u201d custom_padding=\u201d|||\u201d global_colors_info=\u201d{}\u201d custom_padding__hover=\u201d|||\u201d][et_pb_blurb title=\u201dAvaliar\u201d url=\u201d#\u201d use_icon=\u201don\u201d font_icon=\u201d\ue0f7||divi||400\u2033 icon_color=\u201d#146FD0\u2033 image_icon_width=\u201d60px\u201d admin_label=\u201dService 01\u2033 _builder_version=\u201d4.18.0\u2033 header_font=\u201dRaleway|600|||||||\u201d header_text_color=\u201d#192546\u2033 header_font_size=\u201d24px\u201d header_line_height=\u201d1.8em\u201d body_text_color=\u201d#000000\u2033 body_font_size=\u201d16px\u201d body_line_height=\u201d1.9em\u201d background_size=\u201dinitial\u201d background_position=\u201dtop_left\u201d background_repeat=\u201drepeat\u201d text_orientation=\u201dcenter\u201d animation_style=\u201dfold\u201d animation_direction=\u201dbottom\u201d animation_intensity_fold=\u201d30%\u201d icon_font_size=\u201d60px\u201d global_colors_info=\u201d{}\u201d]<\/p>\n<p>Com base em sua programa\u00e7\u00e3o, o sistema atribui um n\u00edvel de prioridade<\/p>\n<p>[\/et_pb_blurb][\/et_pb_column][et_pb_column type=\u201d1_3\u2033 _builder_version=\u201d4.16\u2033 background_position=\u201dtop_left\u201d custom_padding=\u201d|||\u201d global_colors_info=\u201d{}\u201d custom_padding__hover=\u201d|||\u201d][et_pb_blurb title=\u201dNotify\u201d url=\u201d#\u201d use_icon=\u201don\u201d font_icon=\u201d\ue069||divi||400\u2033 icon_color=\u201d#146FD0\u2033 image_icon_width=\u201d60px\u201d admin_label=\u201dService 01\u2033 _builder_version=\u201d4.18.0\u2033 header_font=\u201dRaleway|600|||||||\u201d header_text_color=\u201d#192546\u2033 header_font_size=\u201d24px\u201d header_line_height=\u201d1.8em\u201d body_text_color=\u201d#000000\u2033 body_font_size=\u201d16px\u201d body_line_height=\u201d1.9em\u201d background_size=\u201dinitial\u201d background_position=\u201dtop_left\u201d background_repeat=\u201drepeat\u201d text_orientation=\u201dcenter\u201d animation_style=\u201dfold\u201d animation_direction=\u201dbottom\u201d animation_intensity_fold=\u201d30%\u201d icon_font_size=\u201d60px\u201d global_colors_info=\u201d{}\u201d]<\/p>\n<p>A seguran\u00e7a no local \u00e9 alertada em tempo real e pode reagir rapidamente<\/p>\n<p>[\/et_pb_blurb][\/et_pb_column][\/et_pb_row][et_pb_row _builder_version=\u201d4.16\u2033 background_size=\u201dinitial\u201d background_position=\u201dtop_left\u201d background_repeat=\u201drepeat\u201d custom_width_px=\u201d710px\u201d global_colors_info=\u201d{}\u201d][et_pb_column type=\u201d4_4\u2033 _builder_version=\u201d4.16\u2033 background_position=\u201dtop_left\u201d custom_padding=\u201d|||\u201d global_colors_info=\u201d{}\u201d custom_padding__hover=\u201d|||\u201d][et_pb_divider color=\u201d#6eba01\u2033 divider_weight=\u201d3px\u201d disabled_on=\u201doff|off|off\u201d _builder_version=\u201d4.17.6\u2033 background_color_gradient_direction=\u201d90deg\u201d max_width=\u201d100px\u201d module_alignment=\u201dcenter\u201d height=\u201d5px\u201d custom_margin=\u201d||20px|||false|false\u201d custom_padding=\u201d||20px|\u201d animation_style=\u201dslide\u201d animation_direction=\u201dbottom\u201d saved_tabs=\u201dall\u201d locked=\u201doff\u201d global_colors_info=\u201d{}\u201d][\/et_pb_divider][et_pb_text admin_label=\u201dT\u00edtulo da se\u00e7\u00e3o de servi\u00e7os\u201d _builder_version=\u201d4.17.6\u2033 header_font=\u201dMontserrat||||\u201d header_text_color=\u201d#1f1f1f\u201d header_font_size=\u201d36px\u201d header_2_font=\u201dRaleway|600|||||||\u201d header_2_text_color=\u201d#192546\u2033 header_2_font_size=\u201d36px\u201d text_orientation=\u201dcenter\u201d max_width=\u201d710px\u201d module_alignment=\u201dcenter\u201d animation_style=\u201dfold\u201d animation_direction=\u201dbottom\u201d animation_intensity_fold=\u201d20%\u201d global_colors_info=\u201d{}\u201d]<\/p>\n<h2>Recursos e benef\u00edcios exclusivos<\/h2>\n<p>[\/et_pb_text][et_pb_image src=\u201dhttp:\/\/smartcts.net\/wp-content\/uploads\/2022\/10\/suspect-tracking.jpg\u201d title_text=\u201dsuspect-tracking\u201d align=\u201dcenter\u201d _builder_version=\u201d4.17.6\u2033 _module_preset=\u201ddefault\u201d width=\u201d40%\u201d border_width_all=\u201d2px\u201d border_color_all=\u201d#192546\u2033 global_colors_info=\u201d{}\u201d][\/et_pb_image][et_pb_text module_class=\u201dpa-bullet-list-1\u2033 _builder_version=\u201d4.18.0\u2033 _module_preset=\u201ddefault\u201d text_font_size=\u201d18px\u201d max_width=\u201d65%\u201d module_alignment=\u201dcenter\u201d global_colors_info=\u201d{}\u201d]<\/p>\n<ul>\n<li>Acionado pelo Sistema de Detec\u00e7\u00e3o de Armas para a\u00e7\u00f5es de acompanhamento<\/li>\n<li>Integrado com o sistema de c\u00e2meras da instala\u00e7\u00e3o<\/li>\n<li>Utiliza aprendizado de m\u00e1quina de \u00faltima gera\u00e7\u00e3o<\/li>\n<li>Altamente capaz de detec\u00e7\u00e3o mesmo com pouca luz ou baixa resolu\u00e7\u00e3o<\/li>\n<li>Rastreia automaticamente o suspeito mesmo atrav\u00e9s de lacunas na vis\u00e3o<\/li>\n<li>A identifica\u00e7\u00e3o \u00e9 feita em tempo real<\/li>\n<\/ul>\n<p>[\/et_pb_text][\/et_pb_column][\/et_pb_row][\/et_pb_section][et_pb_section fb_built=\u201d1\u2033 admin_label=\u201dEmail Subscribe\u201d _builder_version=\u201d4.17.6\u2033 background_color=\u201d#146fd0\u2033 custom_margin=\u201d||-12px|||\u201d custom_padding=\u201d48px|||46px|||\u201d animation_style=\u201dfold\u201d animation_direction=\u201dbottom\u201d animation_intensity_fold=\u201d4%\u201d global_colors_info=\u201d{}\u201d][et_pb_row _builder_version=\u201d4.17.6\u2033 background_color=\u201d#146fd0\u2033 background_size=\u201dinitial\u201d background_position=\u201dtop_left\u201d background_repeat=\u201drepeat\u201d custom_margin=\u201d-23px|auto|||auto||\u201d custom_padding=\u201d19px|||||\u201d custom_width_px=\u201d710px\u201d global_colors_info=\u201d{}\u201d][et_pb_column type=\u201d4_4\u2033 _builder_version=\u201d4.16\u2033 background_position=\u201dtop_left\u201d custom_padding=\u201d|||\u201d global_colors_info=\u201d{}\u201d custom_padding__hover=\u201d|||\u201d][et_pb_divider color=\u201d#6eba01\u2033 divider_weight=\u201d3px\u201d disabled_on=\u201doff|off|off\u201d _builder_version=\u201d4.17.6\u2033 background_color_gradient_direction=\u201d90deg\u201d max_width=\u201d100px\u201d module_alignment=\u201dcenter\u201d height=\u201d5px\u201d custom_margin=\u201d||20px|\u201d custom_padding=\u201d||20px|\u201d animation_style=\u201dslide\u201d animation_direction=\u201dbottom\u201d saved_tabs=\u201dall\u201d locked=\u201doff\u201d global_colors_info=\u201d{}\u201d][\/et_pb_divider][et_pb_text admin_label=\u201dT\u00edtulo da se\u00e7\u00e3o de solicita\u00e7\u00e3o\u201d _builder_version=\u201d4.18.0\u2033 header_font=\u201dRaleway|600|||||||\u201d header_text_color=\u201d#FFFFFF\u201d header_font_size=\u201d38px\u201d text_orientation=\u201dcenter\u201d background_layout=\u201ddark\u201d max_width=\u201d710px\u201d module_alignment=\u201dcenter\u201d animation_style=\u201dfold\u201d animation_direction=\u201dbottom\u201d animation_intensity_fold=\u201d20%\u201d global_colors_info=\u201d{}\u201d]<\/p>\n<h1>Contate-nos<\/h1>\n<p>[\/et_pb_text][et_pb_text admin_label=\u201dSubt\u00edtulo da se\u00e7\u00e3o de solicita\u00e7\u00e3o\u201d _builder_version=\u201d4.18.0\u2033 text_font_size=\u201d21px\u201d text_line_height=\u201d1.5em\u201d background_size=\u201dinitial\u201d background_position=\u201dtop_left\u201d background_repeat=\u201drepeat\u201d text_orientation=\u201dcenter\u201d background_layout=\u201ddark\u201d max_width=\u201d710px\u201d module_alignment=\u201dcenter\u201d animation_style=\u201dfold\u201d animation_direction=\u201dbottom\u201d animation_intensity_fold=\u201d20%\u201d global_colors_info=\u201d{}\u201d]<\/p>\n<p>Entraremos em contato para fornecer mais informa\u00e7\u00f5es e uma avalia\u00e7\u00e3o especializada das amea\u00e7as \u00e0 seguran\u00e7a.<\/p>\n<p>[\/et_pb_text][et_pb_contact_form email=\u201dsupport2@smartcts.net\u201d custom_message=\u201dMinha mensagem \u00e9 %%message%% e a empresa \u00e9 %%company%% e o e-mail \u00e9 %%email%% e o n\u00famero de telefone \u00e9 %%phone%%. \u201d use_redirect=\u201don\u201d redirect_url=\u201dwww.smartcts.net\/thank-you\u201d submit_button_text=\u201dSubmit\u201d _builder_version=\u201d4.18.0\u2033 _module_preset=\u201ddefault\u201d _unique_id=\u201dad862aaa-77dd-4c75-b891-9d8a73159bee\u201d captcha_text_color=\u201d#FFFFFF\u201d form_field_text_align=\u201dleft\u201d custom_button=\u201don\u201d button_text_color=\u201d#FFFFFF\u201d button_bg_color=\u201d#6eba01\u2033 button_border_color=\u201d#FFFFFF\u201d button_border_radius=\u201d11px\u201d button_use_icon=\u201doff\u201d width=\u201d65%\u201d module_alignment=\u201dcenter\u201d button_bg_color_last_edited=\u201doff|desktop\u201d global_colors_info=\u201d{}\u201d button_bg_color__hover_enabled=\u201don|hover\u201d button_bg_color__hover=\u201d#192546\u2033 button_bg_enable_color__hover=\u201don\u201d button_text_color__hover_enabled=\u201don|hover\u201d button_text_color__hover=\u201d#FFFFFF\u201d theme_builder_area=\u201dpost_content\u201d][et_pb_contact_field field_id=\u201dName\u201d field_title=\u201dName\u201d _builder_version=\u201d4.16\u2033 global_colors_info=\u201d{}\u201d button_text_size__hover_enabled=\u201doff\u201d button_one_text_size__hover_enabled=\u201doff\u201d button_two_text_size__hover_enabled=\u201doff\u201d button_text_color__hover_enabled=\u201doff\u201d button_one_text_color__hover_enabled=\u201doff\u201d button_two_text_color__hover_enabled=\u201doff\u201d button_border_width__hover_enabled=\u201doff\u201d button_one_border_width__hover_enabled=\u201doff\u201d button_two_border_width__hover_enabled=\u201doff\u201d button_border_color__hover_enabled=\u201doff\u201d button_one_border_color__hover_enabled=\u201doff\u201d button_two_border_color__hover_enabled=\u201doff\u201d button_border_radius__hover_enabled=\u201doff\u201d button_one_border_radius__hover_enabled=\u201doff\u201d button_two_border_radius__hover_enabled=\u201doff\u201d button_letter_spacing__hover_enabled=\u201doff\u201d button_one_letter_spacing__hover_enabled=\u201doff\u201d button_two_letter_spacing__hover_enabled=\u201doff\u201d button_bg_color__hover_enabled=\u201doff\u201d button_one_bg_color__hover_enabled=\u201doff\u201d button_two_bg_color__hover_enabled=\u201doff\u201d theme_builder_area=\u201dpost_content\u201d][\/et_pb_contact_field][et_pb_contact_field field_id=\u201dEmpresa\u201d field_title=\u201dEmpresa\u201d required_mark=\u201doff\u201d _builder_version=\u201d4.18.0\u2033 global_colors_info=\u201d{}\u201d button_text_size__hover_enabled=\u201doff\u201d button_one_text_size__hover_enabled=\u201doff\u201d button_two_text_size__hover_enabled=\u201doff\u201d button_text_color__hover_enabled=\u201doff\u201d button_one_text_color__hover_enabled=\u201doff\u201d button_two_text_color__hover_enabled=\u201doff\u201d button_border_width__hover_enabled=\u201doff\u201d button_one_border_width__hover_enabled=\u201doff\u201d button_two_border_width__hover_enabled=\u201doff\u201d button_border_color__hover_enabled=\u201doff\u201d button_one_border_color__hover_enabled=\u201doff\u201d button_two_border_color__hover_enabled=\u201doff\u201d button_border_radius__hover_enabled=\u201doff\u201d button_one_border_radius__hover_enabled=\u201doff\u201d button_two_border_radius__hover_enabled=\u201doff\u201d button_letter_spacing__hover_enabled=\u201doff\u201d button_one_letter_spacing__hover_enabled=\u201doff\u201d button_two_letter_spacing__hover_enabled=\u201doff\u201d button_bg_color__hover_enabled=\u201doff\u201d button_one_bg_color__hover_enabled=\u201doff\u201d button_two_bg_color__hover_enabled=\u201doff\u201d theme_builder_area=\u201dpost_content\u201d][\/et_pb_contact_field][et_pb_contact_field field_id=\u201dEmail\u201d field_title=\u201dEndere\u00e7o de e-mail\u201d field_type=\u201demail\u201d _builder_version=\u201d4.16\u2033 global_colors_info=\u201d{}\u201d button_text_size__hover_enabled=\u201doff\u201d button_one_text_size__hover_enabled=\u201doff\u201d button_two_text_size__hover_enabled=\u201doff\u201d button_text_color__hover_enabled=\u201doff\u201d button_one_text_color__hover_enabled=\u201doff\u201d button_two_text_color__hover_enabled=\u201doff\u201d button_border_width__hover_enabled=\u201doff\u201d button_one_border_width__hover_enabled=\u201doff\u201d button_two_border_width__hover_enabled=\u201doff\u201d button_border_color__hover_enabled=\u201doff\u201d button_one_border_color__hover_enabled=\u201doff\u201d button_two_border_color__hover_enabled=\u201doff\u201d button_border_radius__hover_enabled=\u201doff\u201d button_one_border_radius__hover_enabled=\u201doff\u201d button_two_border_radius__hover_enabled=\u201doff\u201d button_letter_spacing__hover_enabled=\u201doff\u201d button_one_letter_spacing__hover_enabled=\u201doff\u201d button_two_letter_spacing__hover_enabled=\u201doff\u201d button_bg_color__hover_enabled=\u201doff\u201d button_one_bg_color__hover_enabled=\u201doff\u201d button_two_bg_color__hover_enabled=\u201doff\u201d theme_builder_area=\u201dpost_content\u201d][\/et_pb_contact_field][et_pb_contact_field field_id=\u201dPhone\u201d field_title=\u201dPhone\u201d max_length=\u201d108\u2033 required_mark=\u201doff\u201d _builder_version=\u201d4.18.0\u2033 _module_preset=\u201ddefault\u201d global_colors_info=\u201d{}\u201d theme_builder_area=\u201dpost_content\u201d][\/et_pb_contact_field][et_pb_contact_field field_id=\u201dMessage\u201d field_title=\u201dMessage\u201d field_type=\u201dtext\u201d fullwidth_field=\u201don\u201d _builder_version=\u201d4.16\u2033 global_colors_info=\u201d{}\u201d button_text_size__hover_enabled=\u201doff\u201d button_one_text_size__hover_enabled=\u201doff\u201d button_two_text_size__hover_enabled=\u201doff\u201d button_text_color__hover_enabled=\u201doff\u201d button_one_text_color__hover_enabled=\u201doff\u201d button_two_text_color__hover_enabled=\u201doff\u201d button_border_width__hover_enabled=\u201doff\u201d button_one_border_width__hover_enabled=\u201doff\u201d button_two_border_width__hover_enabled=\u201doff\u201d button_border_color__hover_enabled=\u201doff\u201d button_one_border_color__hover_enabled=\u201doff\u201d button_two_border_color__hover_enabled=\u201doff\u201d button_border_radius__hover_enabled=\u201doff\u201d button_one_border_radius__hover_enabled=\u201doff\u201d button_two_border_radius__hover_enabled=\u201doff\u201d button_letter_spacing__hover_enabled=\u201doff\u201d button_one_letter_spacing__hover_enabled=\u201doff\u201d button_two_letter_spacing__hover_enabled=\u201doff\u201d button_bg_color__hover_enabled=\u201doff\u201d button_one_bg_color__hover_enabled=\u201doff\u201d button_two_bg_color__hover_enabled=\u201doff\u201d theme_builder_area=\u201dpost_content\u201d][\/et_pb_contact_field][\/et_pb_contact_form][\/et_pb_column][\/et_pb_row][\/et_pb_section]<\/p>","protected":false},"excerpt":{"rendered":"<p>Sistema de Rastreamento de SuspeitosRastreamento em tempo real de suspeitosNosso Sistema de Rastreamento de Suspeitos localiza e segue os suspeitos identificados pelo nosso Sistema de Detec\u00e7\u00e3o de Armas. Por meio da integra\u00e7\u00e3o com c\u00e2meras em toda a instala\u00e7\u00e3o e da utiliza\u00e7\u00e3o de algoritmos de aprendizado de m\u00e1quina de \u00faltima gera\u00e7\u00e3o, os suspeitos podem ser identificados por an\u00e1lise comportamental e, em seguida, interceptados para uma inspe\u00e7\u00e3o secund\u00e1ria.Detecta automaticamente assinaturas de armas antes que elas [...]<\/p>","protected":false},"author":1,"featured_media":0,"parent":0,"menu_order":0,"comment_status":"closed","ping_status":"closed","template":"","meta":{"_et_pb_use_builder":"on","_et_pb_old_content":"<!-- wp:divi\/placeholder \/-->","_et_gb_content_width":"","footnotes":""},"class_list":["post-428","page","type-page","status-publish","hentry"],"aioseo_notices":[],"_links":{"self":[{"href":"https:\/\/smartcts.net\/pt\/wp-json\/wp\/v2\/pages\/428","targetHints":{"allow":["GET"]}}],"collection":[{"href":"https:\/\/smartcts.net\/pt\/wp-json\/wp\/v2\/pages"}],"about":[{"href":"https:\/\/smartcts.net\/pt\/wp-json\/wp\/v2\/types\/page"}],"author":[{"embeddable":true,"href":"https:\/\/smartcts.net\/pt\/wp-json\/wp\/v2\/users\/1"}],"replies":[{"embeddable":true,"href":"https:\/\/smartcts.net\/pt\/wp-json\/wp\/v2\/comments?post=428"}],"version-history":[{"count":16,"href":"https:\/\/smartcts.net\/pt\/wp-json\/wp\/v2\/pages\/428\/revisions"}],"predecessor-version":[{"id":1207,"href":"https:\/\/smartcts.net\/pt\/wp-json\/wp\/v2\/pages\/428\/revisions\/1207"}],"wp:attachment":[{"href":"https:\/\/smartcts.net\/pt\/wp-json\/wp\/v2\/media?parent=428"}],"curies":[{"name":"wp","href":"https:\/\/api.w.org\/{rel}","templated":true}]}}