{"id":59,"date":"2022-07-23T14:33:24","date_gmt":"2022-07-23T14:33:24","guid":{"rendered":"http:\/\/smartcts.net\/?page_id=59"},"modified":"2026-01-02T14:37:15","modified_gmt":"2026-01-02T14:37:15","slug":"sobre","status":"publish","type":"page","link":"https:\/\/smartcts.net\/pt\/sobre\/","title":{"rendered":"Sobre n\u00f3s"},"content":{"rendered":"<p>[et_pb_section fb_built=&#8221;1&#8243; _builder_version=&#8221;4.17.6&#8243; _module_preset=&#8221;default&#8221; custom_padding=&#8221;0px|||||&#8221; global_colors_info=&#8221;{}&#8221;][et_pb_row _builder_version=&#8221;4.18.0&#8243; _module_preset=&#8221;default&#8221; background_color=&#8221;#192546&#8243; background_image=&#8221;https:\/\/smartcts.net\/wp-content\/uploads\/2022\/10\/65816460681__BB01C842-8CF4-483F-A7B8-D1E66647D000-scaled.jpg&#8221; background_blend=&#8221;overlay&#8221; width=&#8221;100%&#8221; max_width=&#8221;1920px&#8221; height=&#8221;400px&#8221; filter_saturate=&#8221;200%&#8221; filter_brightness=&#8221;200%&#8221; global_colors_info=&#8221;{}&#8221;][et_pb_column type=&#8221;4_4&#8243; _builder_version=&#8221;4.17.6&#8243; _module_preset=&#8221;default&#8221; global_colors_info=&#8221;{}&#8221;][et_pb_text _builder_version=&#8221;4.17.6&#8243; _module_preset=&#8221;default&#8221; header_2_font=&#8221;Raleway|600|||||||&#8221; header_2_text_align=&#8221;center&#8221; header_2_text_color=&#8221;#FFFFFF&#8221; header_2_font_size=&#8221;60px&#8221; background_color=&#8221;RGBA(255,255,255,0)&#8221; custom_padding=&#8221;100px||||false|false&#8221; global_colors_info=&#8221;{}&#8221;]<\/p>\n<h2>Sobre Smart CT Solutions<\/h2>\n<p>[\/et_pb_text][\/et_pb_column][\/et_pb_row][\/et_pb_section][et_pb_section fb_built=\u201d1\u2033 admin_label=\u201dServices\u201d _builder_version=\u201d4.16\u2033 custom_padding=\u201d0px||2px|||\u201d locked=\u201doff\u201d global_colors_info=\u201d{}\u201d][et_pb_row _builder_version=\u201d4.16\u2033 background_size=\u201dinitial\u201d background_position=\u201dtop_left\u201d background_repeat=\u201drepeat\u201d custom_width_px=\u201d710px\u201d global_colors_info=\u201d{}\u201d][et_pb_column type=\u201d4_4\u2033 _builder_version=\u201d4.16\u2033 background_position=\u201dtop_left\u201d custom_padding=\u201d|||\u201d global_colors_info=\u201d{}\u201d custom_padding__hover=\u201d|||\u201d][et_pb_divider color=\u201d#6eba01\u2033 divider_weight=\u201d3px\u201d disabled_on=\u201doff|off|off\u201d _builder_version=\u201d4.17.6\u2033 background_color_gradient_direction=\u201d90deg\u201d max_width=\u201d100px\u201d module_alignment=\u201dcenter\u201d height=\u201d5px\u201d custom_margin=\u201d||20px||false|false\u201d custom_padding=\u201d||20px|\u201d animation_style=\u201dslide\u201d animation_direction=\u201dbottom\u201d saved_tabs=\u201dall\u201d locked=\u201doff\u201d global_colors_info=\u201d{}\u201d][\/et_pb_divider][et_pb_text admin_label=\u201dServices Section Title\u201d _builder_version=\u201d4.17.6\u2033 header_font=\u201dMontserrat||||\u201d header_text_color=\u201d#1f1f1f\u201d header_font_size=\u201d36px\u201d header_2_font=\u201dRaleway|600|||||||\u201d header_2_text_color=\u201d#192546\u2033 header_2_font_size=\u201d36px\u201d text_orientation=\u201dcenter\u201d max_width=\u201d710px\u201d module_alignment=\u201dcenter\u201d animation_style=\u201dfold\u201d animation_direction=\u201dbottom\u201d animation_intensity_fold=\u201d20%\u201d global_colors_info=\u201d{}\u201d]<\/p>\n<h2>Nossa empresa<\/h2>\n<p>[\/et_pb_text][et_pb_text admin_label=&#8221;Services Section Subtitle&#8221; _builder_version=&#8221;4.27.5&#8243; text_text_color=&#8221;#000000&#8243; text_font_size=&#8221;18px&#8221; text_line_height=&#8221;1.4em&#8221; background_size=&#8221;initial&#8221; background_position=&#8221;top_left&#8221; background_repeat=&#8221;repeat&#8221; max_width=&#8221;710px&#8221; module_alignment=&#8221;center&#8221; custom_padding=&#8221;7px|||||&#8221; animation_style=&#8221;fold&#8221; animation_direction=&#8221;bottom&#8221; animation_intensity_fold=&#8221;20%&#8221; global_colors_info=&#8221;{}&#8221;]<\/p>\n<p><strong>Nossa funda\u00e7\u00e3o<\/strong><br \/>Smart CT Solutions foi criada com base em mais de uma d\u00e9cada de experi\u00eancia em infraestrutura de vigil\u00e2ncia e seguran\u00e7a de alto desempenho. Nossa base est\u00e1 enraizada em um profundo hist\u00f3rico de inova\u00e7\u00e3o t\u00e9cnica, garantindo a entrega de prote\u00e7\u00e3o confi\u00e1vel e de classe mundial para diversos setores, da sa\u00fade ao governo.<\/p>\n<p><strong>Nosso prop\u00f3sito<\/strong><br \/>Criar ambientes mais seguros com sistemas de detec\u00e7\u00e3o de amea\u00e7as ocultas, fornecendo prote\u00e7\u00e3o aprimorada e n\u00e3o intrusiva contra amea\u00e7as de armas.<\/p>\n<p><strong>Nossa vis\u00e3o<br \/><\/strong>Ser o fornecedor confi\u00e1vel de prote\u00e7\u00e3o digital ininterrupta e no local, integrada \u00e0s suas instala\u00e7\u00f5es. Capacitamos os clientes a adotar uma tecnologia inovadora que bloqueia as amea\u00e7as de forma eficaz, sem interromper as opera\u00e7\u00f5es.<\/p>\n<p>[\/et_pb_text][\/et_pb_column][\/et_pb_row][et_pb_row _builder_version=\u201d4.16\u2033 background_size=\u201dinitial\u201d background_position=\u201dtop_left\u201d background_repeat=\u201drepeat\u201d custom_width_px=\u201d710px\u201d global_colors_info=\u201d{}\u201d][et_pb_column type=\u201d4_4\u2033 _builder_version=\u201d4.16\u2033 background_position=\u201dtop_left\u201d custom_padding=\u201d|||\u201d global_colors_info=\u201d{}\u201d custom_padding__hover=\u201d|||\u201d][et_pb_divider color=\u201d#6eba01\u2033 divider_weight=\u201d3px\u201d disabled_on=\u201doff|off|off\u201d _builder_version=\u201d4.17.6\u2033 background_color_gradient_direction=\u201d90deg\u201d max_width=\u201d100px\u201d module_alignment=\u201dcenter\u201d height=\u201d5px\u201d custom_margin=\u201d||20px|||false|false\u201d custom_padding=\u201d||20px|\u201d animation_style=\u201dslide\u201d animation_direction=\u201dbottom\u201d saved_tabs=\u201dall\u201d locked=\u201doff\u201d global_colors_info=\u201d{}\u201d][\/et_pb_divider][et_pb_text admin_label=\u201dT\u00edtulo da se\u00e7\u00e3o de servi\u00e7os\u201d _builder_version=\u201d4.27.5\u2033 header_font=\u201dMontserrat||||\u201d header_text_color=\u201d#1f1f1f\u201d header_font_size=\u201d36px\u201d header_2_font=\u201dRaleway|600|||||||\u201d header_2_text_color=\u201d#192546\u2033 header_2_font_size=\u201d36px\u201d text_orientation=\u201dcenter\u201d max_width=\u201d710px\u201d module_alignment=\u201dcenter\u201d animation_style=\u201dfold\u201d animation_direction=\u201dbottom\u201d animation_intensity_fold=\u201d20%\u201d global_colors_info=\u201d{}\u201d]<\/p>\n<h2>Nossa tecnologia: Detec\u00e7\u00e3o inteligente<\/h2>\n<p>[\/et_pb_text][et_pb_text admin_label=&#8221;Services Section Subtitle&#8221; _builder_version=&#8221;4.27.5&#8243; text_text_color=&#8221;#000000&#8243; text_font_size=&#8221;18px&#8221; text_line_height=&#8221;1.4em&#8221; background_size=&#8221;initial&#8221; background_position=&#8221;top_left&#8221; background_repeat=&#8221;repeat&#8221; max_width=&#8221;710px&#8221; module_alignment=&#8221;center&#8221; animation_style=&#8221;fold&#8221; animation_direction=&#8221;bottom&#8221; animation_intensity_fold=&#8221;20%&#8221; global_colors_info=&#8221;{}&#8221;]<\/p>\n<p>Nosso sistema identifica amea\u00e7as ao reconhecer as assinaturas de movimento exclusivas de objetos met\u00e1licos. Sensores e c\u00e2meras integrados trabalham juntos para detectar poss\u00edveis amea\u00e7as, ignorando automaticamente itens comuns, como chaves, laptops e telefones.<\/p>\n<p>Em sua ess\u00eancia, a tecnologia usa algoritmos de aprendizado de m\u00e1quina e intelig\u00eancia artificial (IA) para ser continuamente treinada e melhorar o desempenho.<\/p>\n<p>[\/et_pb_text][\/et_pb_column][\/et_pb_row][et_pb_row _builder_version=\u201d4.16\u2033 background_size=\u201dinitial\u201d background_position=\u201dtop_left\u201d background_repeat=\u201drepeat\u201d custom_width_px=\u201d710px\u201d global_colors_info=\u201d{}\u201d][et_pb_column type=\u201d4_4\u2033 _builder_version=\u201d4.16\u2033 background_position=\u201dtop_left\u201d custom_padding=\u201d|||\u201d global_colors_info=\u201d{}\u201d custom_padding__hover=\u201d|||\u201d][et_pb_divider color=\u201d#6eba01\u2033 divider_weight=\u201d3px\u201d disabled_on=\u201doff|off|off\u201d _builder_version=\u201d4.17.6\u2033 background_color_gradient_direction=\u201d90deg\u201d max_width=\u201d100px\u201d module_alignment=\u201dcenter\u201d height=\u201d5px\u201d custom_margin=\u201d||20px|||false|false\u201d custom_padding=\u201d||20px|\u201d animation_style=\u201dslide\u201d animation_direction=\u201dbottom\u201d saved_tabs=\u201dall\u201d locked=\u201doff\u201d global_colors_info=\u201d{}\u201d][\/et_pb_divider][et_pb_text admin_label=\u201dT\u00edtulo da se\u00e7\u00e3o de servi\u00e7os\u201d _builder_version=\u201d4.27.5\u2033 header_font=\u201dMontserrat||||\u201d header_text_color=\u201d#1f1f1f\u201d header_font_size=\u201d36px\u201d header_2_font=\u201dRaleway|600|||||||\u201d header_2_text_color=\u201d#192546\u2033 header_2_font_size=\u201d36px\u201d text_orientation=\u201dcenter\u201d max_width=\u201d710px\u201d module_alignment=\u201dcenter\u201d animation_style=\u201dfold\u201d animation_direction=\u201dbottom\u201d animation_intensity_fold=\u201d20%\u201d global_colors_info=\u201d{}\u201d]<\/p>\n<h2>Nossa plataforma: Conscientiza\u00e7\u00e3o aprimorada e implementa\u00e7\u00e3o r\u00e1pida<\/h2>\n<p>[\/et_pb_text][et_pb_text admin_label=&#8221;Services Section Subtitle&#8221; module_id=&#8221;cssClass li&#8221; module_class=&#8221;pa-bullet-list-1&#8243; _builder_version=&#8221;4.27.5&#8243; text_text_color=&#8221;#000000&#8243; text_font_size=&#8221;18px&#8221; text_line_height=&#8221;1.4em&#8221; header_5_line_height=&#8221;1.2em&#8221; header_6_font=&#8221;Elegant Font Icons||||||||&#8221; header_6_text_align=&#8221;left&#8221; header_6_line_height=&#8221;0.5em&#8221; background_size=&#8221;initial&#8221; background_position=&#8221;top_left&#8221; background_repeat=&#8221;repeat&#8221; max_width=&#8221;710px&#8221; module_alignment=&#8221;center&#8221; animation_style=&#8221;fold&#8221; animation_direction=&#8221;bottom&#8221; animation_intensity_fold=&#8221;20%&#8221; global_colors_info=&#8221;{}&#8221;]<\/p>\n<p>Nossa plataforma unificada oferece um painel de controle \u00fanico e robusto para monitorar e gerenciar a seguran\u00e7a. Ela informa rapidamente os detalhes dos incidentes e o status dos recursos, aumentando a consci\u00eancia situacional em toda a instala\u00e7\u00e3o.<\/p>\n<p>[\/et_pb_text][et_pb_text module_class=&#8221;pa-bullet-list-1&#8243; _builder_version=&#8221;4.27.5&#8243; _module_preset=&#8221;default&#8221; text_text_color=&#8221;#000000&#8243; text_font_size=&#8221;16px&#8221; ul_text_align=&#8221;left&#8221; max_width=&#8221;710px&#8221; module_alignment=&#8221;center&#8221; global_colors_info=&#8221;{}&#8221;]<\/p>\n<ul>\n<li><strong>Resposta inteligente<\/strong>: Orienta a\u00e7\u00f5es r\u00e1pidas e bem informadas durante eventos din\u00e2micos.<\/li>\n<li><strong>Integra\u00e7\u00e3o perfeita<\/strong>: Integra-se com diversos produtos e sistemas de v\u00e1rios fornecedores existentes.<\/li>\n<li><strong>Comunica\u00e7\u00e3o em tempo real<\/strong>: Permite a comunica\u00e7\u00e3o entre a equipe no local e as equipes de emerg\u00eancia.<\/li>\n<li><strong>Confiabilidade comprovada<\/strong>: Confi\u00e1vel e implantado em v\u00e1rios setores (universidades, cassinos, complexos de escrit\u00f3rios, sa\u00fade, museus).<\/li>\n<\/ul>\n<p>[\/et_pb_text][\/et_pb_column][\/et_pb_row][\/et_pb_section][et_pb_section fb_built=&#8221;1&#8243; admin_label=&#8221;Our Team&#8221; _builder_version=&#8221;4.17.6&#8243; background_color=&#8221;#d6d6d6&#8243; custom_padding=&#8221;4px||27px|||&#8221; global_colors_info=&#8221;{}&#8221;][et_pb_row _builder_version=&#8221;4.16&#8243; background_size=&#8221;initial&#8221; background_position=&#8221;top_left&#8221; background_repeat=&#8221;repeat&#8221; custom_width_px=&#8221;710px&#8221; locked=&#8221;off&#8221; global_colors_info=&#8221;{}&#8221;][et_pb_column type=&#8221;4_4&#8243; _builder_version=&#8221;4.16&#8243; background_position=&#8221;top_left&#8221; custom_padding=&#8221;|||&#8221; global_colors_info=&#8221;{}&#8221; custom_padding__hover=&#8221;|||&#8221;][et_pb_divider color=&#8221;#6eba01&#8243; divider_weight=&#8221;3px&#8221; disabled_on=&#8221;off|off|off&#8221; _builder_version=&#8221;4.17.6&#8243; background_color_gradient_direction=&#8221;90deg&#8221; max_width=&#8221;100px&#8221; module_alignment=&#8221;center&#8221; height=&#8221;5px&#8221; custom_margin=&#8221;||20px||false|false&#8221; custom_padding=&#8221;||20px|&#8221; animation_style=&#8221;slide&#8221; animation_direction=&#8221;bottom&#8221; saved_tabs=&#8221;all&#8221; locked=&#8221;off&#8221; global_colors_info=&#8221;{}&#8221;][\/et_pb_divider][et_pb_text admin_label=&#8221;Services Section Title&#8221; _builder_version=&#8221;4.17.6&#8243; header_font=&#8221;Montserrat||||&#8221; header_text_color=&#8221;#1f1f1f&#8221; header_font_size=&#8221;36px&#8221; header_2_font=&#8221;Raleway|600|||||||&#8221; header_2_text_color=&#8221;#192546&#8243; header_2_font_size=&#8221;36px&#8221; text_orientation=&#8221;center&#8221; max_width=&#8221;710px&#8221; module_alignment=&#8221;center&#8221; animation_style=&#8221;fold&#8221; animation_direction=&#8221;bottom&#8221; animation_intensity_fold=&#8221;20%&#8221; global_colors_info=&#8221;{}&#8221;]<\/p>\n<h2>Nossa Lideran\u00e7a<\/h2>\n<p>[\/et_pb_text][et_pb_text _builder_version=&#8221;4.27.5&#8243; _module_preset=&#8221;default&#8221; text_text_color=&#8221;#000000&#8243; text_font_size=&#8221;18px&#8221; text_line_height=&#8221;1.5em&#8221; text_line_height_tablet=&#8221;1.5em&#8221; text_line_height_phone=&#8221;1.5em&#8221; text_line_height_last_edited=&#8221;on|phone&#8221; global_colors_info=&#8221;{}&#8221;]<\/p>\n<p>Nossa equipe de lideran\u00e7a traz d\u00e9cadas de experi\u00eancia comercial e t\u00e9cnica combinada. N\u00f3s nos dedicamos a criar ambientes livres de armas, ao mesmo tempo em que impulsionamos a inova\u00e7\u00e3o e aprimoramos a seguran\u00e7a global.<\/p>\n<p>&nbsp;<\/p>\n<p>[\/et_pb_text][\/et_pb_column][\/et_pb_row][et_pb_row _builder_version=&#8221;4.23.1&#8243; _module_preset=&#8221;default&#8221; global_colors_info=&#8221;{}&#8221;][et_pb_column type=&#8221;4_4&#8243; _builder_version=&#8221;4.23.1&#8243; _module_preset=&#8221;default&#8221; global_colors_info=&#8221;{}&#8221;][et_pb_divider color=&#8221;#000000&#8243; divider_weight=&#8221;2px&#8221; _builder_version=&#8221;4.23.1&#8243; _module_preset=&#8221;default&#8221; global_colors_info=&#8221;{}&#8221;][\/et_pb_divider][\/et_pb_column][\/et_pb_row][et_pb_row column_structure=&#8221;1_2,1_2&#8243; _builder_version=&#8221;4.27.5&#8243; _module_preset=&#8221;default&#8221; global_colors_info=&#8221;{}&#8221;][et_pb_column type=&#8221;1_2&#8243; _builder_version=&#8221;4.27.5&#8243; _module_preset=&#8221;default&#8221; global_colors_info=&#8221;{}&#8221;][et_pb_text _builder_version=&#8221;4.27.5&#8243; _module_preset=&#8221;default&#8221; custom_padding=&#8221;||0px|200px|false|false&#8221; global_colors_info=&#8221;{}&#8221;]<\/p>\n<h3><strong>Angel Hernandez<\/strong><\/h3>\n<p><span style=\"color: #000000;\">CEO<\/span><br \/><a href=\"mailto:ahernandez@smartcts.net\"><span style=\"text-decoration: underline;\"><span style=\"color: #333399; text-decoration: underline;\">ahernandez@smartcts.net<\/span><\/span><\/a><\/p>\n<p>[\/et_pb_text][\/et_pb_column][et_pb_column type=&#8221;1_2&#8243; _builder_version=&#8221;4.27.5&#8243; _module_preset=&#8221;default&#8221; global_colors_info=&#8221;{}&#8221;][et_pb_text _builder_version=&#8221;4.27.5&#8243; _module_preset=&#8221;default&#8221; custom_padding=&#8221;||0px|||&#8221; global_colors_info=&#8221;{}&#8221;]<\/p>\n<h3><strong>Craig Robinson<\/strong><\/h3>\n<p><span style=\"color: #000000;\">COO<\/span><br \/><a href=\"mailto:crobinson@smartcts.net\"><span style=\"text-decoration: underline;\"><span style=\"color: #333399; text-decoration: underline;\">crobinson@smartcts.net<\/span><\/span><\/a><\/p>\n<p>[\/et_pb_text][\/et_pb_column][\/et_pb_row][et_pb_row column_structure=&#8221;1_3,1_3,1_3&#8243; _builder_version=&#8221;4.23.1&#8243; _module_preset=&#8221;default&#8221; global_colors_info=&#8221;{}&#8221;][et_pb_column type=&#8221;1_3&#8243; _builder_version=&#8221;4.23.1&#8243; _module_preset=&#8221;default&#8221; global_colors_info=&#8221;{}&#8221;][et_pb_text _builder_version=&#8221;4.23.1&#8243; _module_preset=&#8221;default&#8221; text_text_color=&#8221;#000000&#8243; text_font_size=&#8221;16px&#8221; header_3_font=&#8221;|600|||||||&#8221; header_3_text_color=&#8221;#546fd0&#8243; global_colors_info=&#8221;{}&#8221;]<\/p>\n<h3><span style=\"color: #000000;\"><strong>Juan Cubides<\/strong><\/span><\/h3>\n<p><span style=\"color: #000000;\">Tecn\u00f3logo chefe<\/span><br \/><a href=\"mailto:jcubides@smartcts.net\"><span style=\"text-decoration: underline;\"><span style=\"color: #333399; text-decoration: underline;\">jcubides@smartcts.net<\/span><\/span><\/a><\/p>\n<p>&nbsp;<\/p>\n<p>[\/et_pb_text][\/et_pb_column][et_pb_column type=&#8221;1_3&#8243; _builder_version=&#8221;4.23.1&#8243; _module_preset=&#8221;default&#8221; global_colors_info=&#8221;{}&#8221;][et_pb_text _builder_version=&#8221;4.27.5&#8243; _module_preset=&#8221;default&#8221; custom_padding=&#8221;||0px|||&#8221; global_colors_info=&#8221;{}&#8221;]<\/p>\n<h3><strong>Richard Hahn<\/strong><\/h3>\n<p><span style=\"color: #000000;\">Diretor de Marketing<\/span><br \/><a href=\"mailto:rhahn@smartcts.net\"><span style=\"text-decoration: underline;\"><span style=\"color: #333399; text-decoration: underline;\">rhahn@smartcts.net<\/span><\/span><\/a><\/p>\n<p>[\/et_pb_text][\/et_pb_column][et_pb_column type=&#8221;1_3&#8243; _builder_version=&#8221;4.23.1&#8243; _module_preset=&#8221;default&#8221; global_colors_info=&#8221;{}&#8221;][et_pb_text _builder_version=&#8221;4.23.1&#8243; _module_preset=&#8221;default&#8221; global_colors_info=&#8221;{}&#8221;]<\/p>\n<h3><strong>Lu\u00eds Rodriguez<\/strong><\/h3>\n<p><span style=\"color: #000000;\">Gerente financeiro<\/span><br \/><a href=\"mailto:rhahn@smartcts.net\"><span style=\"text-decoration: underline;\"><span style=\"color: #333399; text-decoration: underline;\">lrodriguez@smartcts.net<\/span><\/span><\/a><\/p>\n<p>[\/et_pb_text][\/et_pb_column][\/et_pb_row][\/et_pb_section][et_pb_section fb_built=&#8221;1&#8243; _builder_version=&#8221;4.18.0&#8243; _module_preset=&#8221;default&#8221; custom_padding=&#8221;||17px|||&#8221; global_colors_info=&#8221;{}&#8221;][et_pb_row _builder_version=&#8221;4.18.0&#8243; _module_preset=&#8221;default&#8221; custom_margin=&#8221;-26px|auto||auto||&#8221; global_colors_info=&#8221;{}&#8221;][et_pb_column type=&#8221;4_4&#8243; _builder_version=&#8221;4.18.0&#8243; _module_preset=&#8221;default&#8221; global_colors_info=&#8221;{}&#8221;][et_pb_button button_url=&#8221;https:\/\/smartcts.net\/wp-content\/uploads\/2026\/01\/Weapon-Detection-flyer-English.pdf&#8221; url_new_window=&#8221;on&#8221; button_text=&#8221;Download Our Weapon Detection Brochure&#8221; button_alignment=&#8221;center&#8221; _builder_version=&#8221;4.27.5&#8243; _module_preset=&#8221;default&#8221; custom_button=&#8221;on&#8221; button_text_color=&#8221;#FFFFFF&#8221; button_bg_color=&#8221;#546fd0&#8243; button_border_radius=&#8221;11px&#8221; button_icon=&#8221;&#xe092;||divi||400&#8243; button_on_hover=&#8221;off&#8221; hover_enabled=&#8221;0&#8243; global_colors_info=&#8221;{}&#8221; button_bg_color__hover_enabled=&#8221;on|hover&#8221; button_bg_color__hover=&#8221;#6EBA01&#8243; button_bg_enable_color__hover=&#8221;on&#8221; sticky_enabled=&#8221;0&#8243;][\/et_pb_button][\/et_pb_column][\/et_pb_row][\/et_pb_section]<\/p>","protected":false},"excerpt":{"rendered":"<link","protected":false},"author":1,"featured_media":0,"parent":0,"menu_order":0,"comment_status":"closed","ping_status":"closed","template":"","meta":{"_et_pb_use_builder":"on","_et_pb_old_content":"","_et_gb_content_width":"","footnotes":""},"class_list":["post-59","page","type-page","status-publish","hentry"],"aioseo_notices":[],"_links":{"self":[{"href":"https:\/\/smartcts.net\/pt\/wp-json\/wp\/v2\/pages\/59","targetHints":{"allow":["GET"]}}],"collection":[{"href":"https:\/\/smartcts.net\/pt\/wp-json\/wp\/v2\/pages"}],"about":[{"href":"https:\/\/smartcts.net\/pt\/wp-json\/wp\/v2\/types\/page"}],"author":[{"embeddable":true,"href":"https:\/\/smartcts.net\/pt\/wp-json\/wp\/v2\/users\/1"}],"replies":[{"embeddable":true,"href":"https:\/\/smartcts.net\/pt\/wp-json\/wp\/v2\/comments?post=59"}],"version-history":[{"count":63,"href":"https:\/\/smartcts.net\/pt\/wp-json\/wp\/v2\/pages\/59\/revisions"}],"predecessor-version":[{"id":1499,"href":"https:\/\/smartcts.net\/pt\/wp-json\/wp\/v2\/pages\/59\/revisions\/1499"}],"wp:attachment":[{"href":"https:\/\/smartcts.net\/pt\/wp-json\/wp\/v2\/media?parent=59"}],"curies":[{"name":"wp","href":"https:\/\/api.w.org\/{rel}","templated":true}]}}