{"id":72,"date":"2022-07-23T14:52:45","date_gmt":"2022-07-23T14:52:45","guid":{"rendered":"http:\/\/smartcts.net\/?page_id=72"},"modified":"2025-12-27T20:11:41","modified_gmt":"2025-12-27T20:11:41","slug":"contato","status":"publish","type":"page","link":"https:\/\/smartcts.net\/pt\/contato\/","title":{"rendered":"Contate-nos"},"content":{"rendered":"<p>[et_pb_section fb_built=\u201d1\u2033 _builder_version=\u201d4.17.6\u2033 _module_preset=\u201ddefault\u201d custom_padding=\u201d0px|||||\u201d global_colors_info=\u201d{}\u201d][et_pb_row _builder_version=\u201d4.27.5\u2033 _module_preset=\u201ddefault\u201d background_color=\u201d#192546\u2033 background_image=\u201dhttps:\/\/smartcts.net\/wp-content\/uploads\/2025\/12\/Contact-header1.jpg\u201d background_blend=\u201doverlay\u201d width=\u201d100%\u201d max_width=\u201d1920px\u201d height=\u201d400px\u201d filter_saturate=\u201d200%\u201d filter_brightness=\u201d200%\u201d hover_enabled=\u201d0\u2033 global_colors_info=\u201d{}\u201d title_text=\u201dContact-header1\u2033 sticky_enabled=\u201d0\u2033][et_pb_column type=\u201d4_4\u2033 _builder_version=\u201d4.17.6\u2033 _module_preset=\u201ddefault\u201d global_colors_info=\u201d{}\u201d][et_pb_text _builder_version=\u201d4.17.6\u2033 _module_preset=\u201ddefault\u201d header_2_font=\u201dRaleway|600|||||||\u201d header_2_text_align=\u201dcenter\u201d header_2_text_color=\u201d#FFFFFF\u201d header_2_font_size=\u201d60px\u201d background_color=\u201dRGBA(255,255,255,0)\u201d custom_padding=\u201d100px||||false|false\u201d global_colors_info=\u201d{}\u201d]<\/p>\n<h2>Contate-nos<\/h2>\n<p>[\/et_pb_text][\/et_pb_column][\/et_pb_row][\/et_pb_section][et_pb_section fb_built=\u201d1\u2033 admin_label=\u201dInforma\u00e7\u00f5es de contato\u201d _builder_version=\u201d4.16\u2033 custom_padding=\u201d0px||90px||||\u201d locked=\u201doff\u201d global_colors_info=\u201d{}\u201d][et_pb_row _builder_version=\u201d4.16\u2033 custom_width_px=\u201d710px\u201d global_colors_info=\u201d{}\u201d][et_pb_column type=\u201d4_4\u2033 _builder_version=\u201d4.16\u2033 background_position=\u201dtop_left\u201d custom_padding=\u201d|||\u201d global_colors_info=\u201d{}\u201d custom_padding__hover=\u201d|||\u201d][et_pb_divider color=\u201d#6eba01\u2033 divider_weight=\u201d3px\u201d disabled_on=\u201doff|off|off\u201d _builder_version=\u201d4.17.6\u2033 background_color_gradient_direction=\u201d90deg\u201d max_width=\u201d100px\u201d module_alignment=\u201dcenter\u201d height=\u201d5px\u201d custom_margin=\u201d||20px|\u201d custom_padding=\u201d||20px|\u201d animation_style=\u201dslide\u201d animation_direction=\u201dbottom\u201d saved_tabs=\u201dall\u201d locked=\u201doff\u201d global_colors_info=\u201d{}\u201d][\/et_pb_divider][et_pb_text admin_label=\u201dT\u00edtulo da se\u00e7\u00e3o de contato\u201d _builder_version=\u201d4.18.0\u2033 header_font=\u201dRaleway|600|||||||\u201d header_text_color=\u201d#192546\u2033 header_font_size=\u201d36px\u201d text_orientation=\u201dcenter\u201d max_width=\u201d710px\u201d module_alignment=\u201dcenter\u201d animation_style=\u201dfold\u201d animation_direction=\u201dbottom\u201d animation_intensity_fold=\u201d20%\u201d header_font_size_tablet=\u201d36px\u201d header_font_size_phone=\u201d36px\u201d header_font_size_last_edited=\u201don|phone\u201d header_line_height_tablet=\u201d\u201d header_line_height_phone=\u201d1.1em\u201d header_line_height_last_edited=\u201don|phone\u201d global_colors_info=\u201d{}\u201d]<\/p>\n<h1>Entre em contato com a Smart CT Solutions<\/h1>\n<p>[\/et_pb_text][\/et_pb_column][\/et_pb_row][et_pb_row column_structure=\u201d1_3,1_3,1_3\u2033 _builder_version=\u201d4.16\u2033 background_size=\u201dinitial\u201d background_position=\u201dtop_left\u201d background_repeat=\u201drepeat\u201d custom_margin=\u201d|auto|-8px|auto||\u201d custom_padding=\u201d0px|||||\u201d locked=\u201doff\u201d global_colors_info=\u201d{}\u201d][et_pb_column type=\u201d1_3\u2033 _builder_version=\u201d4.16\u2033 background_position=\u201dtop_left\u201d custom_padding=\u201d|||\u201d global_colors_info=\u201d{}\u201d custom_padding__hover=\u201d|||\u201d][et_pb_blurb title=\u201dAddress\u201d use_icon=\u201don\u201d font_icon=\u201d\ue081||divi||400\u2033 icon_color=\u201d#146DF0\u2033 image_icon_width=\u201d60px\u201d image_icon_width_last_edited=\u201doff|desktop\u201d admin_label=\u201dEndere\u00e7o\u201d _builder_version=\u201d4.23.1\u2033 header_font=\u201dRaleway|600|||||||\u201d header_text_color=\u201d#192546\u2033 header_font_size=\u201d22px\u201d header_line_height=\u201d1.8em\u201d body_text_color=\u201d#000000\u2033 body_font_size=\u201d16px\u201d body_line_height=\u201d1.9em\u201d text_orientation=\u201dcenter\u201d custom_margin=\u201d|||\u201d custom_padding=\u201d30px|30px|30px|30px\u201d animation_style=\u201dfold\u201d animation_direction=\u201dbottom\u201d animation_intensity_fold=\u201d30%\u201d border_width_all=\u201d0px\u201d border_color_all=\u201d#e0e0e0\u2033 border_style_all=\u201dsolid\u201d use_border_color=\u201don\u201d border_color=\u201d#e0e0e0\u2033 icon_font_size=\u201d60px\u201d icon_font_size_last_edited=\u201doff|desktop\u201d locked=\u201doff\u201d global_colors_info=\u201d{}\u201d]<\/p>\n<div class=\"sc-contacts-item sc-contacts-address\">800 Brickell Avenue<br \/>Su\u00edte 461<\/div>\n<div class=\"sc-contacts-item sc-contacts-address\">Miami, FL 33131<\/div>\n<p>[\/et_pb_blurb][\/et_pb_column][et_pb_column type=\u201d1_3\u2033 _builder_version=\u201d4.16\u2033 background_position=\u201dtop_left\u201d custom_padding=\u201d|||\u201d global_colors_info=\u201d{}\u201d custom_padding__hover=\u201d|||\u201d][et_pb_blurb title=\u201dTelefone\u201d use_icon=\u201don\u201d font_icon=\u201d\ue00b||divi||400\u2033 icon_color=\u201d#146DF0\u2033 image_icon_width=\u201d60px\u201d image_icon_width_last_edited=\u201doff|desktop\u201d _builder_version=\u201d4.23.1\u2033 header_font=\u201dRaleway|600|||||||\u201d header_text_color=\u201d#192546\u2033 header_font_size=\u201d22px\u201d header_line_height=\u201d1.8em\u201d body_text_color=\u201d#000000\u2033 body_font_size=\u201d16px\u201d body_line_height=\u201d1.9em\u201d text_orientation=\u201dcenter\u201d custom_margin=\u201d|||\u201d custom_padding=\u201d30px|30px|30px|30px\u201d animation_style=\u201dfold\u201d animation_direction=\u201dbottom\u201d animation_delay=\u201d100ms\u201d animation_intensity_fold=\u201d30%\u201d border_width_all=\u201d0px\u201d border_color_all=\u201d#e0e0e0\u2033 border_style_all=\u201dsolid\u201d use_border_color=\u201don\u201d border_color=\u201d#e0e0e0\u2033 icon_font_size=\u201d60px\u201d icon_font_size_last_edited=\u201doff|desktop\u201d locked=\u201doff\u201d global_colors_info=\u201d{}\u201d]<\/p>\n<p><span>800-6859177<br \/><\/span><span>305-239-8869<\/span><\/p>\n<p><span><\/span>WhatsApp (internacional)<br \/>+1 305.239.8869<\/p>\n<p>[\/et_pb_blurb][\/et_pb_column][et_pb_column type=\u201d1_3\u2033 _builder_version=\u201d4.16\u2033 background_position=\u201dtop_left\u201d custom_padding=\u201d|||\u201d global_colors_info=\u201d{}\u201d custom_padding__hover=\u201d|||\u201d][et_pb_blurb title=\u201dEmail\u201d use_icon=\u201don\u201d font_icon=\u201d\ue076||divi||400\u2033 icon_color=\u201d#146df0\u2033 image_icon_width=\u201d60px\u201d image_icon_width_last_edited=\u201doff|desktop\u201d admin_label=\u201dE-mail\u201d _builder_version=\u201d4.18.0\u2033 header_font=\u201dRaleway|600|||||||\u201d header_text_color=\u201d#192546\u2033 header_font_size=\u201d22px\u201d header_line_height=\u201d1.8em\u201d body_font=\u201d||||||||\u201d body_text_color=\u201d#146DF0\u2033 body_font_size=\u201d16px\u201d body_line_height=\u201d1.9em\u201d text_orientation=\u201dcenter\u201d custom_margin=\u201d|||\u201d custom_padding=\u201d30px|30px|30px|30px\u201d animation_style=\u201dfold\u201d animation_direction=\u201dbottom\u201d animation_delay=\u201d200ms\u201d animation_intensity_fold=\u201d30%\u201d border_width_all=\u201d0px\u201d border_color_all=\u201d#e0e0e0\u2033 border_style_all=\u201dsolid\u201d use_border_color=\u201don\u201d border_color=\u201d#e0e0e0\u2033 icon_font_size=\u201d60px\u201d icon_font_size_last_edited=\u201doff|desktop\u201d locked=\u201doff\u201d global_colors_info=\u201d{}\u201d]<\/p>\n<p>info@smartcts.net<\/p>\n<p>[\/et_pb_blurb][\/et_pb_column][\/et_pb_row][\/et_pb_section][et_pb_section fb_built=\u201d1\u2033 admin_label=\u201dEmail Subscribe\u201d _builder_version=\u201d4.17.6\u2033 background_color=\u201d#d6d6d6\u2033 custom_margin=\u201d-74px||-12px|||\u201d custom_padding=\u201d26px||60px|||\u201d animation_style=\u201dfold\u201d animation_direction=\u201dbottom\u201d animation_intensity_fold=\u201d4%\u201d global_colors_info=\u201d{}\u201d][et_pb_row _builder_version=\u201d4.17.6\u2033 background_color=\u201d#146fd0\u2033 background_size=\u201dinitial\u201d background_position=\u201dtop_left\u201d background_repeat=\u201drepeat\u201d custom_margin=\u201d-23px|auto||auto|||\u201d custom_padding=\u201d0px|||0px||||\u201d custom_width_px=\u201d710px\u201d global_colors_info=\u201d{}\u201d][et_pb_column type=\u201d4_4\u2033 _builder_version=\u201d4.17.6\u2033 background_color=\u201d#D6D6D6\u2033 background_position=\u201dtop_left\u201d custom_padding=\u201d|||\u201d global_colors_info=\u201d{}\u201d custom_padding__hover=\u201d|||\u201d][et_pb_divider color=\u201d#7CDA24\u2033 divider_weight=\u201d3px\u201d disabled_on=\u201doff|off|off\u201d _builder_version=\u201d4.17.6\u2033 background_color_gradient_direction=\u201d90deg\u201d max_width=\u201d100px\u201d module_alignment=\u201dcenter\u201d height=\u201d5px\u201d custom_margin=\u201d||20px|\u201d custom_padding=\u201d||20px|\u201d animation_style=\u201dslide\u201d animation_direction=\u201dbottom\u201d saved_tabs=\u201dall\u201d locked=\u201doff\u201d global_colors_info=\u201d{}\u201d][\/et_pb_divider][et_pb_text admin_label=\u201dSolicitar t\u00edtulo da se\u00e7\u00e3o\u201d module_id=\u201ddemo\u201d _builder_version=\u201d4.27.5\u2033 header_font=\u201dRaleway|600|||||||\u201d header_text_color=\u201d#FFFFFF\u201d header_font_size=\u201d38px\u201d header_2_font=\u201dRaleway|600|||||||\u201d header_2_text_color=\u201d#192546\u2033 header_2_font_size=\u201d36px\u201d header_2_line_height=\u201d1.1em\u201d text_orientation=\u201dcenter\u201d background_layout=\u201ddark\u201d max_width=\u201d710px\u201d module_alignment=\u201dcenter\u201d animation_style=\u201dfold\u201d animation_direction=\u201dbottom\u201d animation_intensity_fold=\u201d20%\u201d global_colors_info=\u201d{}\u201d]<\/p>\n<h2>Identifique a amea\u00e7a. Detenha o risco.<\/h2>\n<p>[\/et_pb_text][et_pb_text admin_label=\u201dSubt\u00edtulo da se\u00e7\u00e3o de solicita\u00e7\u00e3o\u201d _builder_version=\u201d4.18.0\u2033 text_text_color=\u201d#000000\u2033 text_font_size=\u201d17px\u201d background_size=\u201dinitial\u201d background_position=\u201dtop_left\u201d background_repeat=\u201drepeat\u201d text_orientation=\u201dcenter\u201d background_layout=\u201ddark\u201d max_width=\u201d710px\u201d module_alignment=\u201dcenter\u201d custom_padding=\u201d9px|||||\u201d animation_style=\u201dfold\u201d animation_direction=\u201dbottom\u201d animation_intensity_fold=\u201d20%\u201d global_colors_info=\u201d{}\u201d]<\/p>\n<p>Entre em contato conosco para obter mais informa\u00e7\u00f5es e uma consulta especializada em amea\u00e7as de seguran\u00e7a<\/p>\n<p>[\/et_pb_text][et_pb_contact_form email=\u201dsupport2@smartcts.net\u201d custom_message=\u201dMinha mensagem \u00e9 %%message%% e a empresa \u00e9 %%company%% e o e-mail \u00e9 %%email%% e o n\u00famero de telefone \u00e9 %%phone%%. \u201d use_redirect=\u201don\u201d redirect_url=\u201dwww.smartcts.net\/thank-you\u201d submit_button_text=\u201dSubmit\u201d _builder_version=\u201d4.18.0\u2033 _module_preset=\u201ddefault\u201d _unique_id=\u201dad862aaa-77dd-4c75-b891-9d8a73159bee\u201d captcha_text_color=\u201d#000000\u2033 form_field_text_align=\u201dleft\u201d custom_button=\u201don\u201d button_text_color=\u201d#FFFFFF\u201d button_bg_color=\u201d#6eba01\u2033 button_border_color=\u201d#FFFFFF\u201d button_border_radius=\u201d11px\u201d button_use_icon=\u201doff\u201d width=\u201d65%\u201d module_alignment=\u201dcenter\u201d button_bg_color_last_edited=\u201doff|desktop\u201d global_colors_info=\u201d{}\u201d button_bg_color__hover_enabled=\u201don|hover\u201d button_bg_color__hover=\u201d#192546\u2033 button_bg_enable_color__hover=\u201don\u201d button_text_color__hover_enabled=\u201don|hover\u201d button_text_color__hover=\u201d#FFFFFF\u201d][et_pb_contact_field field_id=\u201dNome\u201d field_title=\u201dNome\u201d _builder_version=\u201d4.16\u2033 global_colors_info=\u201d{}\u201d button_text_size__hover_enabled=\u201doff\u201d button_one_text_size__hover_enabled=\u201doff\u201d button_two_text_size__hover_enabled=\u201doff\u201d button_text_color__hover_enabled=\u201doff\u201d button_one_text_color__hover_enabled=\u201doff\u201d button_two_text_color__hover_enabled=\u201doff\u201d button_border_width__hover_enabled=\u201doff\u201d button_one_border_width__hover_enabled=\u201doff\u201d button_two_border_width__hover_enabled=\u201doff\u201d button_border_color__hover_enabled=\u201doff\u201d button_one_border_color__hover_enabled=\u201doff\u201d button_two_border_color__hover_enabled=\u201doff\u201d button_border_radius__hover_enabled=\u201doff\u201d button_one_border_radius__hover_enabled=\u201doff\u201d button_two_border_radius__hover_enabled=\u201doff\u201d button_letter_spacing__hover_enabled=\u201doff\u201d button_one_letter_spacing__hover_enabled=\u201doff\u201d button_two_letter_spacing__hover_enabled=\u201doff\u201d button_bg_color__hover_enabled=\u201doff\u201d button_one_bg_color__hover_enabled=\u201doff\u201d button_two_bg_color__hover_enabled=\u201doff\u201d][\/et_pb_contact_field][et_pb_contact_field field_id=\u201dEmpresa\u201d field_title=\u201dEmpresa\u201d required_mark=\u201doff\u201d _builder_version=\u201d4.18.0\u2033 global_colors_info=\u201d{}\u201d button_text_size__hover_enabled=\u201doff\u201d button_one_text_size__hover_enabled=\u201doff\u201d button_two_text_size__hover_enabled=\u201doff\u201d button_text_color__hover_enabled=\u201doff\u201d button_one_text_color__hover_enabled=\u201doff\u201d button_two_text_color__hover_enabled=\u201doff\u201d button_border_width__hover_enabled=\u201doff\u201d button_one_border_width__hover_enabled=\u201doff\u201d button_two_border_width__hover_enabled=\u201doff\u201d button_border_color__hover_enabled=\u201doff\u201d button_one_border_color__hover_enabled=\u201doff\u201d button_two_border_color__hover_enabled=\u201doff\u201d button_border_radius__hover_enabled=\u201doff\u201d button_one_border_radius__hover_enabled=\u201doff\u201d button_two_border_radius__hover_enabled=\u201doff\u201d button_letter_spacing__hover_enabled=\u201doff\u201d button_one_letter_spacing__hover_enabled=\u201doff\u201d button_two_letter_spacing__hover_enabled=\u201doff\u201d button_bg_color__hover_enabled=\u201doff\u201d button_one_bg_color__hover_enabled=\u201doff\u201d button_two_bg_color__hover_enabled=\u201doff\u201d][\/et_pb_contact_field][et_pb_contact_field field_id=\u201dEmail\u201d field_title=\u201dEndere\u00e7o de e-mail\u201d field_type=\u201demail\u201d _builder_version=\u201d4.16\u2033 global_colors_info=\u201d{}\u201d button_text_size__hover_enabled=\u201doff\u201d button_one_text_size__hover_enabled=\u201doff\u201d button_two_text_size__hover_enabled=\u201doff\u201d button_text_color__hover_enabled=\u201doff\u201d button_one_text_color__hover_enabled=\u201doff\u201d button_two_text_color__hover_enabled=\u201doff\u201d button_border_width__hover_enabled=\u201doff\u201d button_one_border_width__hover_enabled=\u201doff\u201d button_two_border_width__hover_enabled=\u201doff\u201d button_border_color__hover_enabled=\u201doff\u201d button_one_border_color__hover_enabled=\u201doff\u201d button_two_border_color__hover_enabled=\u201doff\u201d button_border_radius__hover_enabled=\u201doff\u201d button_one_border_radius__hover_enabled=\u201doff\u201d button_two_border_radius__hover_enabled=\u201doff\u201d button_letter_spacing__hover_enabled=\u201doff\u201d button_one_letter_spacing__hover_enabled=\u201doff\u201d button_two_letter_spacing__hover_enabled=\u201doff\u201d button_bg_color__hover_enabled=\u201doff\u201d button_one_bg_color__hover_enabled=\u201doff\u201d button_two_bg_color__hover_enabled=\u201doff\u201d][\/et_pb_contact_field][et_pb_contact_field field_id=\u201dTelefone\u201d field_title=\u201dTelefone\u201d max_length=\u201d108\u2033 required_mark=\u201doff\u201d _builder_version=\u201d4.18.0\u2033 _module_preset=\u201ddefault\u201d global_colors_info=\u201d{}\u201d][\/et_pb_contact_field][et_pb_contact_field field_id=\u201dMessage\u201d field_title=\u201dMessage\u201d field_type=\u201dtext\u201d fullwidth_field=\u201don\u201d _builder_version=\u201d4.16\u2033 global_colors_info=\u201d{}\u201d button_text_size__hover_enabled=\u201doff\u201d button_one_text_size__hover_enabled=\u201doff\u201d button_two_text_size__hover_enabled=\u201doff\u201d button_text_color__hover_enabled=\u201doff\u201d button_one_text_color__hover_enabled=\u201doff\u201d button_two_text_color__hover_enabled=\u201doff\u201d button_border_width__hover_enabled=\u201doff\u201d button_one_border_width__hover_enabled=\u201doff\u201d button_two_border_width__hover_enabled=\u201doff\u201d button_border_color__hover_enabled=\u201doff\u201d button_one_border_color__hover_enabled=\u201doff\u201d button_two_border_color__hover_enabled=\u201doff\u201d button_border_radius__hover_enabled=\u201doff\u201d button_one_border_radius__hover_enabled=\u201doff\u201d button_two_border_radius__hover_enabled=\u201doff\u201d button_letter_spacing__hover_enabled=\u201doff\u201d button_one_letter_spacing__hover_enabled=\u201doff\u201d button_two_letter_spacing__hover_enabled=\u201doff\u201d button_bg_color__hover_enabled=\u201doff\u201d button_one_bg_color__hover_enabled=\u201doff\u201d button_two_bg_color__hover_enabled=\u201doff\u201d][\/et_pb_contact_field][\/et_pb_contact_form][\/et_pb_column][\/et_pb_row][\/et_pb_section][et_pb_section fb_built=\u201d1\u2033 _builder_version=\u201d4.17.6\u2033 _module_preset=\u201ddefault\u201d background_color=\u201d#146DF0\u2033 global_colors_info=\u201d{}\u201d][et_pb_row _builder_version=\u201d4.17.6\u2033 _module_preset=\u201ddefault\u201d custom_padding=\u201d0px|||||\u201d global_colors_info=\u201d{}\u201d][et_pb_column type=\u201d4_4\u2033 _builder_version=\u201d4.17.6\u2033 _module_preset=\u201ddefault\u201d global_colors_info=\u201d{}\u201d][et_pb_text _builder_version=\u201d4.18.0\u2033 _module_preset=\u201ddefault\u201d header_2_font=\u201dRaleway|600|||||||\u201d header_2_text_align=\u201dcenter\u201d header_2_text_color=\u201d#FFFFFF\u201d header_2_font_size=\u201d36px\u201d header_2_line_height=\u201d1.1em\u201d global_colors_info=\u201d{}\u201d]<\/p>\n<h2>Visite o Smart CT Solutions<\/h2>\n<p>[\/et_pb_text][et_pb_code _builder_version=\u201d4.27.5\u2033 _module_preset=\u201ddefault\u201d global_colors_info=\u201d{}\u201d]<center><iframe <iframe data-src=\"https:\/\/www.google.com\/maps\/embed?pb=!1m18!1m12!1m3!1d3593.1440064118724!2d-80.19383772521306!3d25.76580657734933!2m3!1f0!2f0!3f0!3m2!1i1024!2i768!4f13.1!3m3!1m2!1s0x88d9b68309eaefb7%3A0x7269f6c510767e4!2s800%20Brickell%20Ave%2C%20Miami%2C%20FL%2033131%2C%20USA!5e0!3m2!1sen!2sco!4v1766754996912!5m2!1sen!2sco\" width=\"600\" height=\"450\" style=\"border:0;\" allowfullscreen=\"\" referrerpolicy=\"no-referrer-when-downgrade\" src=\"data:image\/svg+xml;base64,PHN2ZyB3aWR0aD0iMSIgaGVpZ2h0PSIxIiB4bWxucz0iaHR0cDovL3d3dy53My5vcmcvMjAwMC9zdmciPjwvc3ZnPg==\" class=\"lazyload\" data-load-mode=\"1\"><\/iframe><\/iframe>[\/et_pb_code][\/et_pb_column][\/et_pb_row][\/et_pb_section]<\/p>","protected":false},"excerpt":{"rendered":"<p>Entre em contato conoscoContate a Smart CT Solutions800 Brickell AvenueSuite 461 Miami, FL 33131800-6859177305-239-8869 WhatsApp (Internacional):+1 305.239.8869info@smartcts.netSpot a amea\u00e7a. Pare o risco.Entre em contato conosco para obter mais informa\u00e7\u00f5es e uma consulta especializada sobre amea\u00e7as \u00e0 seguran\u00e7aVisite a Smart CT Solutions<\/p>","protected":false},"author":1,"featured_media":0,"parent":0,"menu_order":0,"comment_status":"closed","ping_status":"closed","template":"","meta":{"_et_pb_use_builder":"on","_et_pb_old_content":"","_et_gb_content_width":"","footnotes":""},"class_list":["post-72","page","type-page","status-publish","hentry"],"aioseo_notices":[],"_links":{"self":[{"href":"https:\/\/smartcts.net\/pt\/wp-json\/wp\/v2\/pages\/72","targetHints":{"allow":["GET"]}}],"collection":[{"href":"https:\/\/smartcts.net\/pt\/wp-json\/wp\/v2\/pages"}],"about":[{"href":"https:\/\/smartcts.net\/pt\/wp-json\/wp\/v2\/types\/page"}],"author":[{"embeddable":true,"href":"https:\/\/smartcts.net\/pt\/wp-json\/wp\/v2\/users\/1"}],"replies":[{"embeddable":true,"href":"https:\/\/smartcts.net\/pt\/wp-json\/wp\/v2\/comments?post=72"}],"version-history":[{"count":27,"href":"https:\/\/smartcts.net\/pt\/wp-json\/wp\/v2\/pages\/72\/revisions"}],"predecessor-version":[{"id":1490,"href":"https:\/\/smartcts.net\/pt\/wp-json\/wp\/v2\/pages\/72\/revisions\/1490"}],"wp:attachment":[{"href":"https:\/\/smartcts.net\/pt\/wp-json\/wp\/v2\/media?parent=72"}],"curies":[{"name":"wp","href":"https:\/\/api.w.org\/{rel}","templated":true}]}}